{"id":18565,"date":"2025-05-12T15:23:29","date_gmt":"2025-05-12T13:23:29","guid":{"rendered":"https:\/\/thebestvintage.fr\/\/domaine-charvin\/"},"modified":"2025-11-30T12:02:05","modified_gmt":"2025-11-30T11:02:05","slug":"domaine-charvin","status":"publish","type":"page","link":"https:\/\/thebestvintage.fr\/en\/domaine-charvin\/","title":{"rendered":"Domaine Charvin"},"content":{"rendered":"<p>[et_pb_section fb_built=&#8221;1&#8243; fullwidth=&#8221;on&#8221; disabled_on=&#8221;off|off|off&#8221; admin_label=&#8221;Hero&#8221; _builder_version=&#8221;4.16&#8243; _module_preset=&#8221;default&#8221; background_color=&#8221;#1f1f1f&#8221; parallax=&#8221;on&#8221; custom_padding=&#8221;|||&#8221; transparent_background=&#8221;on&#8221; global_colors_info=&#8221;{}&#8221;][et_pb_fullwidth_header title=&#8221;Domaine Charvin&#8221; text_orientation=&#8221;center&#8221; button_one_text=&#8221;access wines available for sale&#8221; button_one_url=&#8221;https:\/\/thebestvintage.fr\/\/en\/product-category\/domaine-charvin-chateauneuf-du-pape-en-2\/&#8221; background_overlay_color=&#8221;rgba(31,31,31,0.85)&#8221; subhead_font_color=&#8221;#bebebe&#8221; _builder_version=&#8221;4.27.4&#8243; _module_preset=&#8221;default&#8221; title_font=&#8221;Playfair Display||||&#8221; title_text_color=&#8221;#ffffff&#8221; title_font_size=&#8221;50px&#8221; title_line_height=&#8221;1.3em&#8221; content_font=&#8221;Montserrat||||&#8221; content_text_color=&#8221;#bfbfbf&#8221; content_font_size=&#8221;16px&#8221; content_line_height=&#8221;1.8em&#8221; subhead_font=&#8221;Montserrat||||&#8221; subhead_text_color=&#8221;#bebebe&#8221; subhead_line_height=&#8221;1.8em&#8221; background_color=&#8221;rgba(255, 255, 255, 0)&#8221; background_image=&#8221;https:\/\/thebestvintage.fr\/\/wp-content\/uploads\/2024\/01\/pexels-pixabay-290316-8.jpg&#8221; parallax=&#8221;on&#8221; parallax_method=&#8221;on&#8221; custom_padding=&#8221;3.1%||3%|||&#8221; animation_style=&#8221;zoom&#8221; animation_duration=&#8221;1500ms&#8221; animation_intensity_zoom=&#8221;4%&#8221; hover_enabled=&#8221;0&#8243; title_line_height_last_edited=&#8221;off|desktop&#8221; global_colors_info=&#8221;{}&#8221; button_one_text_size__hover_enabled=&#8221;off&#8221; button_two_text_size__hover_enabled=&#8221;off&#8221; button_one_text_color__hover_enabled=&#8221;off&#8221; button_two_text_color__hover_enabled=&#8221;off&#8221; button_one_border_width__hover_enabled=&#8221;off&#8221; button_two_border_width__hover_enabled=&#8221;off&#8221; button_one_border_color__hover_enabled=&#8221;off&#8221; button_two_border_color__hover_enabled=&#8221;off&#8221; button_one_border_radius__hover_enabled=&#8221;off&#8221; button_two_border_radius__hover_enabled=&#8221;off&#8221; button_one_letter_spacing__hover_enabled=&#8221;off&#8221; button_two_letter_spacing__hover_enabled=&#8221;off&#8221; button_one_bg_color__hover_enabled=&#8221;off&#8221; button_two_bg_color__hover_enabled=&#8221;off&#8221; sticky_enabled=&#8221;0&#8243;][\/et_pb_fullwidth_header][\/et_pb_section][et_pb_section fb_built=&#8221;1&#8243; _builder_version=&#8221;4.27.4&#8243; _module_preset=&#8221;default&#8221; global_colors_info=&#8221;{}&#8221;][et_pb_row _builder_version=&#8221;4.27.4&#8243; _module_preset=&#8221;default&#8221; global_colors_info=&#8221;{}&#8221;][et_pb_column type=&#8221;4_4&#8243; _builder_version=&#8221;4.27.4&#8243; _module_preset=&#8221;default&#8221; global_colors_info=&#8221;{}&#8221;][et_pb_text _builder_version=&#8221;4.27.4&#8243; _module_preset=&#8221;default&#8221; global_colors_info=&#8221;{}&#8221;]<\/p>\n<h2 data-start=\"111\" data-end=\"172\">Domaine Charvin: Tradition and purity in Ch\u00e2teauneuf-du-Pape<\/h2>\n<p data-start=\"174\" data-end=\"504\" class=\"\">Located in the northern part of the Ch\u00e2teauneuf-du-Pape appellation, Domaine Charvin embodies an authentic, respectful approach to terroir. Since its foundation in 1851, this family estate, now run by Laurent Charvin, has perpetuated traditional winemaking methods, producing wines of remarkable finesse. <\/p>\n<h2 data-start=\"506\" data-end=\"543\" class=\"\">History and philosophy of the estate<\/h2>\n<p data-start=\"545\" data-end=\"885\" class=\"\">Domaine Charvin was founded in 1851. For over a century, the grapes were sold to n\u00e9gociants. It wasn&#8217;t until 1990 that Laurent Charvin, representing the sixth generation, began to vinify and bottle the estate&#8217;s wines under their own label, marking a major turning point in the estate&#8217;s history.  <\/p>\n<p data-start=\"887\" data-end=\"1098\" class=\"\">The estate&#8217;s philosophy is based on respect for terroir and tradition. Laurent Charvin favors a minimalist approach, avoiding unnecessary intervention to let the wine express itself naturally. <\/p>\n<h2 data-start=\"1100\" data-end=\"1122\" class=\"\">Terroir and vineyards<\/h2>\n<p data-start=\"1124\" data-end=\"1469\" class=\"\">The estate covers 8 hectares in Ch\u00e2teauneuf-du-Pape and 13 hectares in C\u00f4tes du Rh\u00f4ne. The vines, with an average age of 50 years, are planted mainly on sandy and clay-limestone soils, with pebbles characteristic of the appellation. Parcels are located in the Cabri\u00e8res, Maucoil and l&#8217;Arnesque districts.  <\/p>\n<p data-start=\"1471\" data-end=\"1626\" class=\"\">The Mediterranean climate, with the influence of the Mistral, favors optimal ripening of the grapes, contributing to the consistent quality of the estate&#8217;s wines.<\/p>\n<h2 data-start=\"1628\" data-end=\"1654\" class=\"\">Vinification and Maturing<\/h2>\n<p data-start=\"1656\" data-end=\"1957\" class=\"\">Domaine Charvin adopts a traditional vinification method: the grapes are fermented whole, without destemming, in concrete vats. The wine is also aged in concrete vats for around 21 months, without the use of new wood, to preserve the purity of the fruit and the expression of the terroir. <\/p>\n<p data-start=\"1959\" data-end=\"2072\" class=\"\">This approach produces elegant, well-balanced wines with great ageing potential.<\/p>\n<p data-start=\"1959\" data-end=\"2072\" class=\"\">\n<h2 data-start=\"1959\" data-end=\"2072\">Domaine Charvin wines<\/h2>\n<p>[\/et_pb_text][\/et_pb_column][\/et_pb_row][et_pb_row column_structure=&#8221;2_5,3_5&#8243; _builder_version=&#8221;4.27.4&#8243; _module_preset=&#8221;default&#8221; border_width_all=&#8221;1px&#8221; border_color_all=&#8221;#585858&#8243; global_colors_info=&#8221;{}&#8221;][et_pb_column type=&#8221;2_5&#8243; _builder_version=&#8221;4.27.4&#8243; _module_preset=&#8221;default&#8221; global_colors_info=&#8221;{}&#8221;][et_pb_image src=&#8221;https:\/\/thebestvintage.fr\/\/wp-content\/uploads\/2023\/11\/CHARVIN-2021.jpg&#8221; alt=&#8221;Domaine Charvin Chateauneuf Du Pape&#8221; title_text=&#8221;Domaine Charvin Chateauneuf Du Pape&#8221; _builder_version=&#8221;4.27.4&#8243; _module_preset=&#8221;default&#8221; global_colors_info=&#8221;{}&#8221;][\/et_pb_image][\/et_pb_column][et_pb_column type=&#8221;3_5&#8243; _builder_version=&#8221;4.27.4&#8243; _module_preset=&#8221;default&#8221; global_colors_info=&#8221;{}&#8221;][et_pb_text _builder_version=&#8221;4.27.4&#8243; _module_preset=&#8221;default&#8221; global_colors_info=&#8221;{}&#8221;]<\/p>\n<h3 data-start=\"145\" data-end=\"235\"><strong data-start=\"145\" data-end=\"190\">Domaine Charvin Ch\u00e2teauneuf-du-Pape Rouge<\/strong><br data-start=\"190\" data-end=\"193\">An Authentic and Racy Ch\u00e2teauneuf-du-Pape<\/h3>\n<p data-start=\"237\" data-end=\"361\" class=\"\">Domaine Charvin Ch\u00e2teauneuf-du-Pape Rouge is based on a classic blend that reflects the traditional style of the region:<\/p>\n<p data-start=\"363\" data-end=\"545\" class=\"\">80% Grenache &#8211; Intense fruitiness and silky texture<br data-start=\"412\" data-end=\"415\">10% Mourv\u00e8dre &#8211; Depth and structure<br data-start=\"455\" data-end=\"458\">5% Syrah &#8211; Spice and freshness<br data-start=\"489\" data-end=\"492\">5% other old varieties &#8211; Harmony and complexity<\/p>\n<p data-start=\"547\" data-end=\"835\" class=\"\"><strong data-start=\"547\" data-end=\"571\">Tasting notes<\/strong><br data-start=\"571\" data-end=\"574\"><strong data-start=\"574\" data-end=\"581\">Nose<\/strong>: Bright red and black fruits, Proven\u00e7al herbs, hint of liquorice<br data-start=\"656\" data-end=\"659\"><strong data-start=\"659\" data-end=\"669\">Palate<\/strong>: Gourmet and dynamic, with fine tannins and a fresh, lingering finish<br data-start=\"749\" data-end=\"752\"><strong data-start=\"752\" data-end=\"761\">Cellaring<\/strong>: Excellent ageing potential, 15 to 25 years depending on the vintage.<\/p>\n<p data-start=\"837\" data-end=\"944\" class=\"\"><strong data-start=\"837\" data-end=\"858\">Food &amp; wine<\/strong><br data-start=\"858\" data-end=\"861\">Ideal with roast lamb, duck breast, dishes in sauce, Mediterranean cuisine<\/p>\n<p>[\/et_pb_text][et_pb_button button_url=&#8221;https:\/\/thebestvintage.fr\/\/en\/product-category\/domaine-charvin-chateauneuf-du-pape-en-2\/&#8221; button_text=&#8221;Access available wines&#8221; button_alignment=&#8221;center&#8221; _builder_version=&#8221;4.27.4&#8243; _module_preset=&#8221;default&#8221; custom_button=&#8221;on&#8221; button_text_size=&#8221;16px&#8221; button_text_color=&#8221;#585858&#8243; button_border_width=&#8221;2px&#8221; button_font=&#8221;||||||||&#8221; button_icon_color=&#8221;#585858&#8243; hover_enabled=&#8221;0&#8243; global_colors_info=&#8221;{}&#8221; sticky_enabled=&#8221;0&#8243;][\/et_pb_button][\/et_pb_column][\/et_pb_row][et_pb_row column_structure=&#8221;2_5,3_5&#8243; _builder_version=&#8221;4.27.4&#8243; _module_preset=&#8221;default&#8221; border_width_all=&#8221;1px&#8221; border_color_all=&#8221;#585858&#8243; global_colors_info=&#8221;{}&#8221;][et_pb_column type=&#8221;2_5&#8243; _builder_version=&#8221;4.27.4&#8243; _module_preset=&#8221;default&#8221; global_colors_info=&#8221;{}&#8221;][et_pb_image src=&#8221;https:\/\/thebestvintage.fr\/\/wp-content\/uploads\/2024\/10\/CHARVIN-CDR.jpg&#8221; alt=&#8221;Domaine Charvin Cotes Du Rhone&#8221; title_text=&#8221;Domaine Charvin Cotes Du Rhone&#8221; _builder_version=&#8221;4.27.4&#8243; _module_preset=&#8221;default&#8221; global_colors_info=&#8221;{}&#8221;][\/et_pb_image][\/et_pb_column][et_pb_column type=&#8221;3_5&#8243; _builder_version=&#8221;4.27.4&#8243; _module_preset=&#8221;default&#8221; global_colors_info=&#8221;{}&#8221;][et_pb_text _builder_version=&#8221;4.27.4&#8243; _module_preset=&#8221;default&#8221; global_colors_info=&#8221;{}&#8221;]<\/p>\n<h2 data-start=\"145\" data-end=\"238\"><strong data-start=\"145\" data-end=\"185\">Domaine Charvin C\u00f4tes-du-Rh\u00f4ne Red<\/strong><\/h2>\n<h3 data-start=\"145\" data-end=\"238\"><br data-start=\"185\" data-end=\"188\">A C\u00f4tes-du-Rh\u00f4ne d&#8217;Artisan, Expressive and Generous<\/h3>\n<p data-start=\"240\" data-end=\"350\" class=\"\">Made from vines just outside the Ch\u00e2teauneuf-du-Pape appellation, this wine reflects the soul of the estate:<\/p>\n<p data-start=\"352\" data-end=\"503\" class=\"\">85% Grenache &#8211; Ripe fruit and suppleness<br data-start=\"392\" data-end=\"395\">5% Mourv\u00e8dre &#8211; Discreet structure<br data-start=\"429\" data-end=\"432\">5% Syrah &#8211; Spice and freshness<br data-start=\"463\" data-end=\"466\">5% Carignan &#8211; Energy and character<\/p>\n<p data-start=\"505\" data-end=\"752\" class=\"\"><strong data-start=\"505\" data-end=\"529\">Tasting notes<\/strong><br data-start=\"529\" data-end=\"532\"><strong data-start=\"532\" data-end=\"539\">Nose<\/strong>: Black cherry, raspberry, garrigue, peppery touch<br data-start=\"591\" data-end=\"594\"><strong data-start=\"594\" data-end=\"604\">Palate<\/strong>: Balanced and juicy, fine tannins, lively finish<br data-start=\"670\" data-end=\"673\"><strong data-start=\"673\" data-end=\"682\">Laying down<\/strong>: Drink within 5 to 10 years for its freshness and fruity brightness.<\/p>\n<p data-start=\"754\" data-end=\"854\" class=\"\"><strong data-start=\"754\" data-end=\"775\">Food &amp; wine<\/strong><br data-start=\"775\" data-end=\"778\">Perfect with charcuterie, grilled meats, roast poultry, bistro cuisine<\/p>\n<p>[\/et_pb_text][et_pb_button button_url=&#8221;https:\/\/thebestvintage.fr\/\/en\/product-category\/domaine-charvin-chateauneuf-du-pape-en-2\/&#8221; button_text=&#8221;Access available wines&#8221; button_alignment=&#8221;center&#8221; _builder_version=&#8221;4.27.4&#8243; _module_preset=&#8221;default&#8221; custom_button=&#8221;on&#8221; button_text_size=&#8221;16px&#8221; button_text_color=&#8221;#585858&#8243; button_border_width=&#8221;2px&#8221; button_font=&#8221;||||||||&#8221; button_icon_color=&#8221;#585858&#8243; hover_enabled=&#8221;0&#8243; global_colors_info=&#8221;{}&#8221; sticky_enabled=&#8221;0&#8243;][\/et_pb_button][\/et_pb_column][\/et_pb_row][et_pb_row _builder_version=&#8221;4.27.4&#8243; _module_preset=&#8221;default&#8221; global_colors_info=&#8221;{}&#8221;][et_pb_column type=&#8221;4_4&#8243; _builder_version=&#8221;4.27.4&#8243; _module_preset=&#8221;default&#8221; global_colors_info=&#8221;{}&#8221;][et_pb_text _builder_version=&#8221;4.27.4&#8243; _module_preset=&#8221;default&#8221; global_colors_info=&#8221;{}&#8221;]<\/p>\n<h2 data-start=\"3078\" data-end=\"3098\" class=\"\">Food &amp; wine<\/h2>\n<p data-start=\"3100\" data-end=\"3411\" class=\"\">Domaine Charvin red wines go perfectly with grilled red meats, stewed dishes such as lamb with herbs or daube proven\u00e7ale, and mature cheeses. White Ch\u00e2teauneuf-du-Pape, meanwhile, sublimates noble fish, poultry in sauce or truffled dishes. <\/p>\n<h2 data-start=\"3413\" data-end=\"3426\" class=\"\">Conclusion<\/h2>\n<p data-start=\"3428\" data-end=\"3682\" class=\"\">Domaine Charvin is a benchmark in Ch\u00e2teauneuf-du-Pape, combining tradition, respect for terroir and excellence. Its wines, sought-after for their authenticity and ageing potential, appeal to wine lovers the world over. <\/p>\n<p>[\/et_pb_text][\/et_pb_column][\/et_pb_row][\/et_pb_section][et_pb_section fb_built=&#8221;1&#8243; fullwidth=&#8221;on&#8221; _builder_version=&#8221;4.27.4&#8243; _module_preset=&#8221;default&#8221; global_colors_info=&#8221;{}&#8221;][\/et_pb_section]<\/p>\n","protected":false},"excerpt":{"rendered":"<p>Domaine Charvin: Tradition and purity in Ch\u00e2teauneuf-du-Pape Located in the northern part of the Ch\u00e2teauneuf-du-Pape appellation, Domaine Charvin embodies an authentic, respectful approach to terroir. Since its foundation in 1851, this family estate, now run by Laurent Charvin, has perpetuated traditional winemaking methods, producing wines of remarkable finesse. History and philosophy of the estate Domaine [&hellip;]<\/p>\n","protected":false},"author":2,"featured_media":0,"parent":0,"menu_order":0,"comment_status":"closed","ping_status":"closed","template":"","meta":{"_acf_changed":false,"_et_pb_use_builder":"on","_et_pb_old_content":"","_et_gb_content_width":"","footnotes":""},"class_list":["post-18565","page","type-page","status-publish","hentry"],"acf":[],"yoast_head":"<!-- This site is optimized with the Yoast SEO plugin v27.5 - https:\/\/yoast.com\/product\/yoast-seo-wordpress\/ -->\n<title>Domaine Charvin Ch\u00e2teauneuf-du-Pape | Vin d\u2019auteur<\/title>\n<meta name=\"description\" content=\"Discover Domaine Charvin in Ch\u00e2teauneuf-du-Pape: exceptional red and white wines, traditional vinification and preserved terroir.\" \/>\n<meta name=\"robots\" content=\"index, follow, max-snippet:-1, max-image-preview:large, max-video-preview:-1\" \/>\n<link rel=\"canonical\" href=\"https:\/\/thebestvintage.fr\/en\/domaine-charvin\/\" \/>\n<meta property=\"og:locale\" content=\"en_US\" \/>\n<meta property=\"og:type\" content=\"article\" \/>\n<meta property=\"og:title\" content=\"Domaine Charvin Ch\u00e2teauneuf-du-Pape | Vin d\u2019auteur\" \/>\n<meta property=\"og:description\" content=\"Discover Domaine Charvin in Ch\u00e2teauneuf-du-Pape: exceptional red and white wines, traditional vinification and preserved terroir.\" \/>\n<meta property=\"og:url\" content=\"https:\/\/thebestvintage.fr\/en\/domaine-charvin\/\" \/>\n<meta property=\"og:site_name\" content=\"Best Vintage\" \/>\n<meta property=\"article:publisher\" content=\"https:\/\/www.facebook.com\/thebestvintage84\/\" \/>\n<meta property=\"article:modified_time\" content=\"2025-11-30T11:02:05+00:00\" \/>\n<meta property=\"og:image\" content=\"https:\/\/thebestvintage.fr\/wp-content\/uploads\/2024\/01\/logo-yoas.jpg\" \/>\n\t<meta property=\"og:image:width\" content=\"1200\" \/>\n\t<meta property=\"og:image:height\" content=\"675\" \/>\n\t<meta property=\"og:image:type\" content=\"image\/jpeg\" \/>\n<meta name=\"twitter:card\" content=\"summary_large_image\" \/>\n<meta name=\"twitter:label1\" content=\"Est. reading time\" \/>\n\t<meta name=\"twitter:data1\" content=\"6 minutes\" \/>\n<script type=\"application\/ld+json\" class=\"yoast-schema-graph\">{\"@context\":\"https:\\\/\\\/schema.org\",\"@graph\":[{\"@type\":\"WebPage\",\"@id\":\"https:\\\/\\\/thebestvintage.fr\\\/en\\\/domaine-charvin\\\/\",\"url\":\"https:\\\/\\\/thebestvintage.fr\\\/en\\\/domaine-charvin\\\/\",\"name\":\"Domaine Charvin Ch\u00e2teauneuf-du-Pape | Vin d\u2019auteur\",\"isPartOf\":{\"@id\":\"https:\\\/\\\/thebestvintage.fr\\\/en\\\/#website\"},\"datePublished\":\"2025-05-12T13:23:29+00:00\",\"dateModified\":\"2025-11-30T11:02:05+00:00\",\"description\":\"Discover Domaine Charvin in Ch\u00e2teauneuf-du-Pape: exceptional red and white wines, traditional vinification and preserved terroir.\",\"breadcrumb\":{\"@id\":\"https:\\\/\\\/thebestvintage.fr\\\/en\\\/domaine-charvin\\\/#breadcrumb\"},\"inLanguage\":\"en-US\",\"potentialAction\":[{\"@type\":\"ReadAction\",\"target\":[\"https:\\\/\\\/thebestvintage.fr\\\/en\\\/domaine-charvin\\\/\"]}]},{\"@type\":\"BreadcrumbList\",\"@id\":\"https:\\\/\\\/thebestvintage.fr\\\/en\\\/domaine-charvin\\\/#breadcrumb\",\"itemListElement\":[{\"@type\":\"ListItem\",\"position\":1,\"name\":\"Accueil\",\"item\":\"https:\\\/\\\/thebestvintage.fr\\\/en\\\/\"},{\"@type\":\"ListItem\",\"position\":2,\"name\":\"Domaine Charvin\"}]},{\"@type\":\"WebSite\",\"@id\":\"https:\\\/\\\/thebestvintage.fr\\\/en\\\/#website\",\"url\":\"https:\\\/\\\/thebestvintage.fr\\\/en\\\/\",\"name\":\"Best Vintage\",\"description\":\"Le caviste de Ch\u00e2teauneuf du Pape\",\"publisher\":{\"@id\":\"https:\\\/\\\/thebestvintage.fr\\\/en\\\/#organization\"},\"potentialAction\":[{\"@type\":\"SearchAction\",\"target\":{\"@type\":\"EntryPoint\",\"urlTemplate\":\"https:\\\/\\\/thebestvintage.fr\\\/en\\\/?s={search_term_string}\"},\"query-input\":{\"@type\":\"PropertyValueSpecification\",\"valueRequired\":true,\"valueName\":\"search_term_string\"}}],\"inLanguage\":\"en-US\"},{\"@type\":\"Organization\",\"@id\":\"https:\\\/\\\/thebestvintage.fr\\\/en\\\/#organization\",\"name\":\"Best Vintage\",\"url\":\"https:\\\/\\\/thebestvintage.fr\\\/en\\\/\",\"logo\":{\"@type\":\"ImageObject\",\"inLanguage\":\"en-US\",\"@id\":\"https:\\\/\\\/thebestvintage.fr\\\/en\\\/#\\\/schema\\\/logo\\\/image\\\/\",\"url\":\"https:\\\/\\\/thebestvintage.fr\\\/\\\/wp-content\\\/uploads\\\/2024\\\/01\\\/logo-yiast.jpg\",\"contentUrl\":\"https:\\\/\\\/thebestvintage.fr\\\/\\\/wp-content\\\/uploads\\\/2024\\\/01\\\/logo-yiast.jpg\",\"width\":696,\"height\":696,\"caption\":\"Best Vintage\"},\"image\":{\"@id\":\"https:\\\/\\\/thebestvintage.fr\\\/en\\\/#\\\/schema\\\/logo\\\/image\\\/\"},\"sameAs\":[\"https:\\\/\\\/www.facebook.com\\\/thebestvintage84\\\/\",\"https:\\\/\\\/www.instagram.com\\\/wine_bestvintage\\\/\"]}]}<\/script>\n<!-- \/ Yoast SEO plugin. -->","yoast_head_json":{"title":"Domaine Charvin Ch\u00e2teauneuf-du-Pape | Vin d\u2019auteur","description":"Discover Domaine Charvin in Ch\u00e2teauneuf-du-Pape: exceptional red and white wines, traditional vinification and preserved terroir.","robots":{"index":"index","follow":"follow","max-snippet":"max-snippet:-1","max-image-preview":"max-image-preview:large","max-video-preview":"max-video-preview:-1"},"canonical":"https:\/\/thebestvintage.fr\/en\/domaine-charvin\/","og_locale":"en_US","og_type":"article","og_title":"Domaine Charvin Ch\u00e2teauneuf-du-Pape | Vin d\u2019auteur","og_description":"Discover Domaine Charvin in Ch\u00e2teauneuf-du-Pape: exceptional red and white wines, traditional vinification and preserved terroir.","og_url":"https:\/\/thebestvintage.fr\/en\/domaine-charvin\/","og_site_name":"Best Vintage","article_publisher":"https:\/\/www.facebook.com\/thebestvintage84\/","article_modified_time":"2025-11-30T11:02:05+00:00","og_image":[{"width":1200,"height":675,"url":"https:\/\/thebestvintage.fr\/wp-content\/uploads\/2024\/01\/logo-yoas.jpg","type":"image\/jpeg"}],"twitter_card":"summary_large_image","twitter_misc":{"Est. reading time":"6 minutes"},"schema":{"@context":"https:\/\/schema.org","@graph":[{"@type":"WebPage","@id":"https:\/\/thebestvintage.fr\/en\/domaine-charvin\/","url":"https:\/\/thebestvintage.fr\/en\/domaine-charvin\/","name":"Domaine Charvin Ch\u00e2teauneuf-du-Pape | Vin d\u2019auteur","isPartOf":{"@id":"https:\/\/thebestvintage.fr\/en\/#website"},"datePublished":"2025-05-12T13:23:29+00:00","dateModified":"2025-11-30T11:02:05+00:00","description":"Discover Domaine Charvin in Ch\u00e2teauneuf-du-Pape: exceptional red and white wines, traditional vinification and preserved terroir.","breadcrumb":{"@id":"https:\/\/thebestvintage.fr\/en\/domaine-charvin\/#breadcrumb"},"inLanguage":"en-US","potentialAction":[{"@type":"ReadAction","target":["https:\/\/thebestvintage.fr\/en\/domaine-charvin\/"]}]},{"@type":"BreadcrumbList","@id":"https:\/\/thebestvintage.fr\/en\/domaine-charvin\/#breadcrumb","itemListElement":[{"@type":"ListItem","position":1,"name":"Accueil","item":"https:\/\/thebestvintage.fr\/en\/"},{"@type":"ListItem","position":2,"name":"Domaine Charvin"}]},{"@type":"WebSite","@id":"https:\/\/thebestvintage.fr\/en\/#website","url":"https:\/\/thebestvintage.fr\/en\/","name":"Best Vintage","description":"Le caviste de Ch\u00e2teauneuf du Pape","publisher":{"@id":"https:\/\/thebestvintage.fr\/en\/#organization"},"potentialAction":[{"@type":"SearchAction","target":{"@type":"EntryPoint","urlTemplate":"https:\/\/thebestvintage.fr\/en\/?s={search_term_string}"},"query-input":{"@type":"PropertyValueSpecification","valueRequired":true,"valueName":"search_term_string"}}],"inLanguage":"en-US"},{"@type":"Organization","@id":"https:\/\/thebestvintage.fr\/en\/#organization","name":"Best Vintage","url":"https:\/\/thebestvintage.fr\/en\/","logo":{"@type":"ImageObject","inLanguage":"en-US","@id":"https:\/\/thebestvintage.fr\/en\/#\/schema\/logo\/image\/","url":"https:\/\/thebestvintage.fr\/\/wp-content\/uploads\/2024\/01\/logo-yiast.jpg","contentUrl":"https:\/\/thebestvintage.fr\/\/wp-content\/uploads\/2024\/01\/logo-yiast.jpg","width":696,"height":696,"caption":"Best Vintage"},"image":{"@id":"https:\/\/thebestvintage.fr\/en\/#\/schema\/logo\/image\/"},"sameAs":["https:\/\/www.facebook.com\/thebestvintage84\/","https:\/\/www.instagram.com\/wine_bestvintage\/"]}]}},"_links":{"self":[{"href":"https:\/\/thebestvintage.fr\/en\/wp-json\/wp\/v2\/pages\/18565","targetHints":{"allow":["GET"]}}],"collection":[{"href":"https:\/\/thebestvintage.fr\/en\/wp-json\/wp\/v2\/pages"}],"about":[{"href":"https:\/\/thebestvintage.fr\/en\/wp-json\/wp\/v2\/types\/page"}],"author":[{"embeddable":true,"href":"https:\/\/thebestvintage.fr\/en\/wp-json\/wp\/v2\/users\/2"}],"replies":[{"embeddable":true,"href":"https:\/\/thebestvintage.fr\/en\/wp-json\/wp\/v2\/comments?post=18565"}],"version-history":[{"count":0,"href":"https:\/\/thebestvintage.fr\/en\/wp-json\/wp\/v2\/pages\/18565\/revisions"}],"wp:attachment":[{"href":"https:\/\/thebestvintage.fr\/en\/wp-json\/wp\/v2\/media?parent=18565"}],"curies":[{"name":"wp","href":"https:\/\/api.w.org\/{rel}","templated":true}]}}