{"id":18568,"date":"2025-05-12T17:51:05","date_gmt":"2025-05-12T15:51:05","guid":{"rendered":"https:\/\/thebestvintage.fr\/\/domaine-mayard\/"},"modified":"2025-11-30T12:02:35","modified_gmt":"2025-11-30T11:02:35","slug":"domaine-mayard","status":"publish","type":"page","link":"https:\/\/thebestvintage.fr\/en\/domaine-mayard\/","title":{"rendered":"Domaine Mayard"},"content":{"rendered":"<p>[et_pb_section fb_built=&#8221;1&#8243; fullwidth=&#8221;on&#8221; disabled_on=&#8221;off|off|off&#8221; admin_label=&#8221;Hero&#8221; _builder_version=&#8221;4.16&#8243; _module_preset=&#8221;default&#8221; background_color=&#8221;#1f1f1f&#8221; parallax=&#8221;on&#8221; custom_padding=&#8221;|||&#8221; transparent_background=&#8221;on&#8221; global_colors_info=&#8221;{}&#8221;][et_pb_fullwidth_header title=&#8221;Domaine Mayard&#8221; text_orientation=&#8221;center&#8221; button_one_text=&#8221;access wines available for sale&#8221; button_one_url=&#8221;https:\/\/thebestvintage.fr\/\/en\/product-category\/domaine-mayard\/&#8221; background_overlay_color=&#8221;rgba(31,31,31,0.85)&#8221; subhead_font_color=&#8221;#bebebe&#8221; _builder_version=&#8221;4.27.4&#8243; _module_preset=&#8221;default&#8221; title_font=&#8221;Playfair Display||||&#8221; title_text_color=&#8221;#ffffff&#8221; title_font_size=&#8221;50px&#8221; title_line_height=&#8221;1.3em&#8221; content_font=&#8221;Montserrat||||&#8221; content_text_color=&#8221;#bfbfbf&#8221; content_font_size=&#8221;16px&#8221; content_line_height=&#8221;1.8em&#8221; subhead_font=&#8221;Montserrat||||&#8221; subhead_text_color=&#8221;#bebebe&#8221; subhead_line_height=&#8221;1.8em&#8221; background_color=&#8221;rgba(255, 255, 255, 0)&#8221; background_image=&#8221;https:\/\/thebestvintage.fr\/\/wp-content\/uploads\/2024\/01\/pexels-pixabay-290316-8.jpg&#8221; parallax=&#8221;on&#8221; parallax_method=&#8221;on&#8221; custom_padding=&#8221;3.1%||3%|||&#8221; animation_style=&#8221;zoom&#8221; animation_duration=&#8221;1500ms&#8221; animation_intensity_zoom=&#8221;4%&#8221; hover_enabled=&#8221;0&#8243; title_line_height_last_edited=&#8221;off|desktop&#8221; global_colors_info=&#8221;{}&#8221; button_one_text_size__hover_enabled=&#8221;off&#8221; button_two_text_size__hover_enabled=&#8221;off&#8221; button_one_text_color__hover_enabled=&#8221;off&#8221; button_two_text_color__hover_enabled=&#8221;off&#8221; button_one_border_width__hover_enabled=&#8221;off&#8221; button_two_border_width__hover_enabled=&#8221;off&#8221; button_one_border_color__hover_enabled=&#8221;off&#8221; button_two_border_color__hover_enabled=&#8221;off&#8221; button_one_border_radius__hover_enabled=&#8221;off&#8221; button_two_border_radius__hover_enabled=&#8221;off&#8221; button_one_letter_spacing__hover_enabled=&#8221;off&#8221; button_two_letter_spacing__hover_enabled=&#8221;off&#8221; button_one_bg_color__hover_enabled=&#8221;off&#8221; button_two_bg_color__hover_enabled=&#8221;off&#8221; sticky_enabled=&#8221;0&#8243;][\/et_pb_fullwidth_header][\/et_pb_section][et_pb_section fb_built=&#8221;1&#8243; _builder_version=&#8221;4.27.4&#8243; _module_preset=&#8221;default&#8221; global_colors_info=&#8221;{}&#8221;][et_pb_row _builder_version=&#8221;4.27.4&#8243; _module_preset=&#8221;default&#8221; global_colors_info=&#8221;{}&#8221;][et_pb_column type=&#8221;4_4&#8243; _builder_version=&#8221;4.27.4&#8243; _module_preset=&#8221;default&#8221; global_colors_info=&#8221;{}&#8221;][et_pb_text _builder_version=&#8221;4.27.4&#8243; _module_preset=&#8221;default&#8221; global_colors_info=&#8221;{}&#8221;]<\/p>\n<h2 data-start=\"249\" data-end=\"317\">Domaine Mayard Ch\u00e2teauneuf-du-Pape: Nature, precision and heritage<\/h2>\n<p data-start=\"319\" data-end=\"846\" class=\"\">Born of the passion of Arthur and Hugo Mayard, representatives of the sixth generation of winegrowers, Domaine Mayard embodies a new era in Ch\u00e2teauneuf-du-Pape. Following the separation of Vignobles Mayard, two separate entities were created: Clos du Calvaire and Domaine Mayard. Since 2021, Arthur and Hugo have skilfully managed this 12-hectare family estate, 10 of which are in the Ch\u00e2teauneuf-du-Pape appellation, spread over emblematic locations such as La Crau Est, Le Pointu, Les Serres and Le Grand Coulet.  <\/p>\n<h2 data-start=\"848\" data-end=\"896\" class=\"\">A committed viticulture, based on life<\/h2>\n<p data-start=\"898\" data-end=\"1347\" class=\"\">At Domaine Mayard, every gesture is designed to respect the soil, the plant and the climate. Organic farming, agroforestry, vitipastoralism and massal selections structure a holistic approach. Sowing plant cover, gentle pruning, rigorous disbudding: everything is done to preserve the old Grenache vines, some of which are over 120 years old, and to strengthen their link with the terroir.  <\/p>\n<p data-start=\"1349\" data-end=\"1593\" class=\"\">This farming method is a response to the new challenges posed by climate change. The aim is to encourage soil microbial life, improve its capacity to store water and enhance the longevity of emblematic plots of land in the Southern Rh\u00f4ne. <\/p>\n<h2 data-start=\"1595\" data-end=\"1648\" class=\"\">Presentation of Domaine Mayard wines<\/h2>\n<p>[\/et_pb_text][\/et_pb_column][\/et_pb_row][\/et_pb_section][et_pb_section fb_built=&#8221;1&#8243; _builder_version=&#8221;4.27.4&#8243; _module_preset=&#8221;default&#8221; global_colors_info=&#8221;{}&#8221;][et_pb_row column_structure=&#8221;2_5,3_5&#8243; _builder_version=&#8221;4.27.4&#8243; _module_preset=&#8221;default&#8221; border_width_all=&#8221;1px&#8221; border_color_all=&#8221;#585858&#8243; global_colors_info=&#8221;{}&#8221;][et_pb_column type=&#8221;2_5&#8243; _builder_version=&#8221;4.27.4&#8243; _module_preset=&#8221;default&#8221; global_colors_info=&#8221;{}&#8221;][et_pb_image src=&#8221;https:\/\/thebestvintage.fr\/\/wp-content\/uploads\/2025\/03\/domaine-mayard-chateauneuf-du-pape-.jpg&#8221; alt=&#8221;domaine mayard chateauneuf du pape&#8221; title_text=&#8221;domaine mayard chateauneuf du pape&#8221; _builder_version=&#8221;4.27.4&#8243; _module_preset=&#8221;default&#8221; global_colors_info=&#8221;{}&#8221;][\/et_pb_image][\/et_pb_column][et_pb_column type=&#8221;3_5&#8243; _builder_version=&#8221;4.27.4&#8243; _module_preset=&#8221;default&#8221; global_colors_info=&#8221;{}&#8221;][et_pb_text _builder_version=&#8221;4.27.4&#8243; _module_preset=&#8221;default&#8221; global_colors_info=&#8221;{}&#8221;]<\/p>\n<h2 data-start=\"219\" data-end=\"264\" class=\"\">Domaine Mayard Ch\u00e2teauneuf-du-Pape Red<\/h2>\n<h3 data-start=\"265\" data-end=\"317\" class=\"\">An Infused, Silky, Deep Ch\u00e2teauneuf-du-Pape<\/h3>\n<p data-start=\"319\" data-end=\"612\" class=\"\">Domaine Mayard Ch\u00e2teauneuf-du-Pape Rouge comes from an exceptional terroir cultivated with respect for the living world, and is distinguished by its delicate, precise style. This author&#8217;s wine reflects all the attention paid to both vineyard and winemaking, with a focus on finesse and thoughtful blending. <\/p>\n<h3 data-start=\"614\" data-end=\"649\" class=\"\">Typical estate blend:<\/h3>\n<ul data-start=\"650\" data-end=\"838\">\n<li data-start=\"650\" data-end=\"722\" class=\"\">\n<p data-start=\"652\" data-end=\"722\" class=\"\"><strong data-start=\"652\" data-end=\"670\">+80% Grenache<\/strong> &#8211; Purity of fruit, delicacy and powdery texture<\/p>\n<\/li>\n<li data-start=\"723\" data-end=\"775\" class=\"\">\n<p data-start=\"725\" data-end=\"775\" class=\"\"><strong data-start=\"725\" data-end=\"738\">Mourv\u00e8dre<\/strong> \u2013 Structure, tension and depth<\/p>\n<\/li>\n<li data-start=\"776\" data-end=\"838\" class=\"\">\n<p data-start=\"778\" data-end=\"838\" class=\"\"><strong data-start=\"778\" data-end=\"798\">Syrah &amp; Cinsault <\/strong>&#8211; Fine spices, freshness and harmony<\/p>\n<\/li>\n<\/ul>\n<h3 data-start=\"840\" data-end=\"866\" class=\"\">Tasting notes :<\/h3>\n<ul data-start=\"867\" data-end=\"1172\">\n<li data-start=\"867\" data-end=\"977\" class=\"\">\n<p data-start=\"869\" data-end=\"977\" class=\"\"><strong data-start=\"869\" data-end=\"876\">Nose:<\/strong> Explosion of ripe red fruit, blood orange, wild strawberry, peony and a touch of garrigue.<\/p>\n<\/li>\n<li data-start=\"978\" data-end=\"1092\" class=\"\">\n<p data-start=\"980\" data-end=\"1092\" class=\"\"><strong data-start=\"980\" data-end=\"990\">Palate:<\/strong> Elegant and silky, with a delicately infused structure, smooth tannins and great length.<\/p>\n<\/li>\n<li data-start=\"1093\" data-end=\"1172\" class=\"\">\n<p data-start=\"1095\" data-end=\"1172\" class=\"\"><strong data-start=\"1095\" data-end=\"1104\">Cellaring :<\/strong> Excellent cellar life from <strong data-start=\"1135\" data-end=\"1150\">10 to 20 years<\/strong>, depending on the vintage.<\/p>\n<\/li>\n<\/ul>\n<h3 data-start=\"1174\" data-end=\"1197\" class=\"\">Food and wine pairing :<\/h3>\n<p data-start=\"1198\" data-end=\"1458\" class=\"\">Ideal with <strong data-start=\"1213\" data-end=\"1240\">grilled red meats<\/strong>, l<strong data-start=\"1242\" data-end=\"1263\">amb with herbs<\/strong>, <strong data-start=\"1265\" data-end=\"1280\">roast pigeon<\/strong>, or <strong data-start=\"1296\" data-end=\"1328\">mature hard cheeses<\/strong>. Its subtle balance also makes it delicious with simmered vegetarian dishes or Mediterranean-style platters. <\/p>\n<p>[\/et_pb_text][et_pb_button button_url=&#8221;https:\/\/thebestvintage.fr\/\/en\/product-category\/domaine-mayard\/&#8221; button_text=&#8221;Access available wines&#8221; button_alignment=&#8221;center&#8221; _builder_version=&#8221;4.27.4&#8243; _module_preset=&#8221;default&#8221; custom_button=&#8221;on&#8221; button_text_size=&#8221;16px&#8221; button_text_color=&#8221;#585858&#8243; button_border_width=&#8221;2px&#8221; button_font=&#8221;||||||||&#8221; button_icon_color=&#8221;#585858&#8243; hover_enabled=&#8221;0&#8243; global_colors_info=&#8221;{}&#8221; sticky_enabled=&#8221;0&#8243;][\/et_pb_button][\/et_pb_column][\/et_pb_row][\/et_pb_section][et_pb_section fb_built=&#8221;1&#8243; _builder_version=&#8221;4.27.4&#8243; _module_preset=&#8221;default&#8221; global_colors_info=&#8221;{}&#8221;][et_pb_row _builder_version=&#8221;4.27.4&#8243; _module_preset=&#8221;default&#8221; global_colors_info=&#8221;{}&#8221;][et_pb_column type=&#8221;4_4&#8243; _builder_version=&#8221;4.27.4&#8243; _module_preset=&#8221;default&#8221; global_colors_info=&#8221;{}&#8221;][et_pb_text _builder_version=&#8221;4.27.4&#8243; _module_preset=&#8221;default&#8221; global_colors_info=&#8221;{}&#8221;]<\/p>\n<h2 data-start=\"1595\" data-end=\"1648\" class=\"\">Ch\u00e2teauneuf-du-Pape infusions and blends<\/h2>\n<p data-start=\"1650\" data-end=\"2147\" class=\"\">Domaine Mayard produces a single red and a single white cuv\u00e9e for each vintage. <strong data-start=\"1744\" data-end=\"1768\">Domaine Mayard red<\/strong>, dominated by over 80% Grenache, is complemented by Mourv\u00e8dre, Syrah and Cinsault. Gently infused, without aggressive extraction, this wine is distinguished by its silky, powdery texture and aromas of blood orange, strawberry and peony. The 2021 vintage already embodies this finesse, while <strong data-start=\"2085\" data-end=\"2108\">Domaine Mayard 2022<\/strong> promises to be a great wine for laying down.   <\/p>\n<p data-start=\"2149\" data-end=\"2467\" class=\"\"><strong data-start=\"2152\" data-end=\"2176\">Domaine Mayard blanc<\/strong>, in conversion to organic viticulture, makes the most of heritage grape varieties such as Clairette, Roussanne and Bourboulenc. Its saline freshness and tension on the palate make it a rare wine, at once greedy, <strong data-start=\"2428\" data-end=\"2466\">precise and structured,<\/strong> hailed by connoisseurs as an auteur white with a singular profile. <\/p>\n<h2 data-start=\"2469\" data-end=\"2505\" class=\"\">A cellar designed for precision<\/h2>\n<p data-start=\"2507\" data-end=\"3077\" class=\"\">In 2022, the Mayard brothers rehabilitated a 17th-century cellar in the heart of Ch\u00e2teauneuf-du-Pape, designed to support their demand for parcel-based vinification. The winery is based on a triptych of materials: concrete, wood and stainless steel, enabling ageing to be adapted to each grape profile. Fermentations are carried out using indigenous yeasts, with no added sulfur, on grapes harvested at full maturity and partially destemmed. Long macerations &#8211; around 40 days &#8211; ensure   <\/p>\n<p data-start=\"3079\" data-end=\"3293\" class=\"\">Aging continues first in wooden vats, then in concrete, with bottling after 18 months. This patient process reveals wines that are expressive, pure and deep, true to their vintage and terroir. <\/p>\n<h2 data-start=\"3295\" data-end=\"3347\" class=\"\">C\u00f4tes du Rh\u00f4ne, Lirac, and Southern Rh\u00f4ne expression<\/h2>\n<p data-start=\"3349\" data-end=\"3795\" class=\"\">In addition to Ch\u00e2teauneuf-du-Pape, the estate produces 2 hectares of C\u00f4tes du Rh\u00f4ne in the neighboring Valoris terroirs, as well as a <strong data-start=\"3482\" data-end=\"3497\">confidential white Lirac<\/strong>. The <strong data-start=\"3515\" data-end=\"3559\">Domaine Mayard C\u00f4tes du Rh\u00f4ne red 2021<\/strong> and <strong data-start=\"3563\" data-end=\"3571\">2023<\/strong>, like the Domaine Mayard Lirac white, are distinguished by their aromatic frankness, their finesse of expression and a <strong data-start=\"3587\" data-end=\"3617\">true identity of terroir<\/strong>. These wines reflect the same exacting standards as the estate&#8217;s great vintages.  <\/p>\n<h2 data-start=\"3797\" data-end=\"3822\" class=\"\">Opinions and recognition<\/h2>\n<p data-start=\"3824\" data-end=\"4288\" class=\"\">Opinions on <strong data-start=\"3828\" data-end=\"3858\">Domaine Mayard<\/strong> are unanimous: precision, sincerity, depth and elegance define the DNA of this young estate. Enthusiasts and professionals alike emphasize the potential of the 2021, 2022 and 2023 vintages, the relevance of the approach, and the rarity of an estate that relies on the coherence of a single cuv\u00e9e. The <strong data-start=\"4161\" data-end=\"4185\">Domaine Mayard red<\/strong>, like the white, expresses all the attention to detail, from the vine to bottling.  <\/p>\n<h2 data-start=\"4290\" data-end=\"4331\" class=\"\">Wines available at Best Vintage<\/h2>\n<p data-start=\"4333\" data-end=\"4657\" class=\"\">Domaine Mayard cuv\u00e9es &#8211; Ch\u00e2teauneuf-du-Pape red and white, C\u00f4tes du Rh\u00f4ne and Lirac &#8211; are available for sale at <strong data-start=\"4459\" data-end=\"4475\">Best Vintage<\/strong>, in our boutique or online at <strong data-start=\"4505\" data-end=\"4526\">thebestvintage.fr<\/strong>. A selection of natural, hand-crafted wines from an estate that combines respect for the living environment with high-precision blending. <\/p>\n<p>[\/et_pb_text][\/et_pb_column][\/et_pb_row][\/et_pb_section]<\/p>\n","protected":false},"excerpt":{"rendered":"<p>Domaine Mayard Ch\u00e2teauneuf-du-Pape: Nature, precision and heritage Born of the passion of Arthur and Hugo Mayard, representatives of the sixth generation of winegrowers, Domaine Mayard embodies a new era in Ch\u00e2teauneuf-du-Pape. Following the separation of Vignobles Mayard, two separate entities were created: Clos du Calvaire and Domaine Mayard. Since 2021, Arthur and Hugo have skilfully [&hellip;]<\/p>\n","protected":false},"author":2,"featured_media":0,"parent":0,"menu_order":0,"comment_status":"closed","ping_status":"closed","template":"","meta":{"_acf_changed":false,"_et_pb_use_builder":"on","_et_pb_old_content":"","_et_gb_content_width":"","footnotes":""},"class_list":["post-18568","page","type-page","status-publish","hentry"],"acf":[],"yoast_head":"<!-- This site is optimized with the Yoast SEO plugin v27.5 - https:\/\/yoast.com\/product\/yoast-seo-wordpress\/ -->\n<title>Domaine Mayard Ch\u00e2teauneuf-du-Pape | Natural wines<\/title>\n<meta name=\"description\" content=\"Discover Domaine Mayard: natural red and white wines in Ch\u00e2teauneuf-du-Pape, living viticulture, exceptional terroirs.\" \/>\n<meta name=\"robots\" content=\"index, follow, max-snippet:-1, max-image-preview:large, max-video-preview:-1\" \/>\n<link rel=\"canonical\" href=\"https:\/\/thebestvintage.fr\/en\/domaine-mayard\/\" \/>\n<meta property=\"og:locale\" content=\"en_US\" \/>\n<meta property=\"og:type\" content=\"article\" \/>\n<meta property=\"og:title\" content=\"Domaine Mayard Ch\u00e2teauneuf-du-Pape | Natural wines\" \/>\n<meta property=\"og:description\" content=\"Discover Domaine Mayard: natural red and white wines in Ch\u00e2teauneuf-du-Pape, living viticulture, exceptional terroirs.\" \/>\n<meta property=\"og:url\" content=\"https:\/\/thebestvintage.fr\/en\/domaine-mayard\/\" \/>\n<meta property=\"og:site_name\" content=\"Best Vintage\" \/>\n<meta property=\"article:publisher\" content=\"https:\/\/www.facebook.com\/thebestvintage84\/\" \/>\n<meta property=\"article:modified_time\" content=\"2025-11-30T11:02:35+00:00\" \/>\n<meta property=\"og:image\" content=\"https:\/\/thebestvintage.fr\/wp-content\/uploads\/2024\/01\/logo-yoas.jpg\" \/>\n\t<meta property=\"og:image:width\" content=\"1200\" \/>\n\t<meta property=\"og:image:height\" content=\"675\" \/>\n\t<meta property=\"og:image:type\" content=\"image\/jpeg\" \/>\n<meta name=\"twitter:card\" content=\"summary_large_image\" \/>\n<meta name=\"twitter:label1\" content=\"Est. reading time\" \/>\n\t<meta name=\"twitter:data1\" content=\"7 minutes\" \/>\n<script type=\"application\/ld+json\" class=\"yoast-schema-graph\">{\"@context\":\"https:\\\/\\\/schema.org\",\"@graph\":[{\"@type\":\"WebPage\",\"@id\":\"https:\\\/\\\/thebestvintage.fr\\\/en\\\/domaine-mayard\\\/\",\"url\":\"https:\\\/\\\/thebestvintage.fr\\\/en\\\/domaine-mayard\\\/\",\"name\":\"Domaine Mayard Ch\u00e2teauneuf-du-Pape | Natural wines\",\"isPartOf\":{\"@id\":\"https:\\\/\\\/thebestvintage.fr\\\/en\\\/#website\"},\"datePublished\":\"2025-05-12T15:51:05+00:00\",\"dateModified\":\"2025-11-30T11:02:35+00:00\",\"description\":\"Discover Domaine Mayard: natural red and white wines in Ch\u00e2teauneuf-du-Pape, living viticulture, exceptional terroirs.\",\"breadcrumb\":{\"@id\":\"https:\\\/\\\/thebestvintage.fr\\\/en\\\/domaine-mayard\\\/#breadcrumb\"},\"inLanguage\":\"en-US\",\"potentialAction\":[{\"@type\":\"ReadAction\",\"target\":[\"https:\\\/\\\/thebestvintage.fr\\\/en\\\/domaine-mayard\\\/\"]}]},{\"@type\":\"BreadcrumbList\",\"@id\":\"https:\\\/\\\/thebestvintage.fr\\\/en\\\/domaine-mayard\\\/#breadcrumb\",\"itemListElement\":[{\"@type\":\"ListItem\",\"position\":1,\"name\":\"Accueil\",\"item\":\"https:\\\/\\\/thebestvintage.fr\\\/en\\\/\"},{\"@type\":\"ListItem\",\"position\":2,\"name\":\"Domaine Mayard\"}]},{\"@type\":\"WebSite\",\"@id\":\"https:\\\/\\\/thebestvintage.fr\\\/en\\\/#website\",\"url\":\"https:\\\/\\\/thebestvintage.fr\\\/en\\\/\",\"name\":\"Best Vintage\",\"description\":\"Le caviste de Ch\u00e2teauneuf du Pape\",\"publisher\":{\"@id\":\"https:\\\/\\\/thebestvintage.fr\\\/en\\\/#organization\"},\"potentialAction\":[{\"@type\":\"SearchAction\",\"target\":{\"@type\":\"EntryPoint\",\"urlTemplate\":\"https:\\\/\\\/thebestvintage.fr\\\/en\\\/?s={search_term_string}\"},\"query-input\":{\"@type\":\"PropertyValueSpecification\",\"valueRequired\":true,\"valueName\":\"search_term_string\"}}],\"inLanguage\":\"en-US\"},{\"@type\":\"Organization\",\"@id\":\"https:\\\/\\\/thebestvintage.fr\\\/en\\\/#organization\",\"name\":\"Best Vintage\",\"url\":\"https:\\\/\\\/thebestvintage.fr\\\/en\\\/\",\"logo\":{\"@type\":\"ImageObject\",\"inLanguage\":\"en-US\",\"@id\":\"https:\\\/\\\/thebestvintage.fr\\\/en\\\/#\\\/schema\\\/logo\\\/image\\\/\",\"url\":\"https:\\\/\\\/thebestvintage.fr\\\/\\\/wp-content\\\/uploads\\\/2024\\\/01\\\/logo-yiast.jpg\",\"contentUrl\":\"https:\\\/\\\/thebestvintage.fr\\\/\\\/wp-content\\\/uploads\\\/2024\\\/01\\\/logo-yiast.jpg\",\"width\":696,\"height\":696,\"caption\":\"Best Vintage\"},\"image\":{\"@id\":\"https:\\\/\\\/thebestvintage.fr\\\/en\\\/#\\\/schema\\\/logo\\\/image\\\/\"},\"sameAs\":[\"https:\\\/\\\/www.facebook.com\\\/thebestvintage84\\\/\",\"https:\\\/\\\/www.instagram.com\\\/wine_bestvintage\\\/\"]}]}<\/script>\n<!-- \/ Yoast SEO plugin. -->","yoast_head_json":{"title":"Domaine Mayard Ch\u00e2teauneuf-du-Pape | Natural wines","description":"Discover Domaine Mayard: natural red and white wines in Ch\u00e2teauneuf-du-Pape, living viticulture, exceptional terroirs.","robots":{"index":"index","follow":"follow","max-snippet":"max-snippet:-1","max-image-preview":"max-image-preview:large","max-video-preview":"max-video-preview:-1"},"canonical":"https:\/\/thebestvintage.fr\/en\/domaine-mayard\/","og_locale":"en_US","og_type":"article","og_title":"Domaine Mayard Ch\u00e2teauneuf-du-Pape | Natural wines","og_description":"Discover Domaine Mayard: natural red and white wines in Ch\u00e2teauneuf-du-Pape, living viticulture, exceptional terroirs.","og_url":"https:\/\/thebestvintage.fr\/en\/domaine-mayard\/","og_site_name":"Best Vintage","article_publisher":"https:\/\/www.facebook.com\/thebestvintage84\/","article_modified_time":"2025-11-30T11:02:35+00:00","og_image":[{"width":1200,"height":675,"url":"https:\/\/thebestvintage.fr\/wp-content\/uploads\/2024\/01\/logo-yoas.jpg","type":"image\/jpeg"}],"twitter_card":"summary_large_image","twitter_misc":{"Est. reading time":"7 minutes"},"schema":{"@context":"https:\/\/schema.org","@graph":[{"@type":"WebPage","@id":"https:\/\/thebestvintage.fr\/en\/domaine-mayard\/","url":"https:\/\/thebestvintage.fr\/en\/domaine-mayard\/","name":"Domaine Mayard Ch\u00e2teauneuf-du-Pape | Natural wines","isPartOf":{"@id":"https:\/\/thebestvintage.fr\/en\/#website"},"datePublished":"2025-05-12T15:51:05+00:00","dateModified":"2025-11-30T11:02:35+00:00","description":"Discover Domaine Mayard: natural red and white wines in Ch\u00e2teauneuf-du-Pape, living viticulture, exceptional terroirs.","breadcrumb":{"@id":"https:\/\/thebestvintage.fr\/en\/domaine-mayard\/#breadcrumb"},"inLanguage":"en-US","potentialAction":[{"@type":"ReadAction","target":["https:\/\/thebestvintage.fr\/en\/domaine-mayard\/"]}]},{"@type":"BreadcrumbList","@id":"https:\/\/thebestvintage.fr\/en\/domaine-mayard\/#breadcrumb","itemListElement":[{"@type":"ListItem","position":1,"name":"Accueil","item":"https:\/\/thebestvintage.fr\/en\/"},{"@type":"ListItem","position":2,"name":"Domaine Mayard"}]},{"@type":"WebSite","@id":"https:\/\/thebestvintage.fr\/en\/#website","url":"https:\/\/thebestvintage.fr\/en\/","name":"Best Vintage","description":"Le caviste de Ch\u00e2teauneuf du Pape","publisher":{"@id":"https:\/\/thebestvintage.fr\/en\/#organization"},"potentialAction":[{"@type":"SearchAction","target":{"@type":"EntryPoint","urlTemplate":"https:\/\/thebestvintage.fr\/en\/?s={search_term_string}"},"query-input":{"@type":"PropertyValueSpecification","valueRequired":true,"valueName":"search_term_string"}}],"inLanguage":"en-US"},{"@type":"Organization","@id":"https:\/\/thebestvintage.fr\/en\/#organization","name":"Best Vintage","url":"https:\/\/thebestvintage.fr\/en\/","logo":{"@type":"ImageObject","inLanguage":"en-US","@id":"https:\/\/thebestvintage.fr\/en\/#\/schema\/logo\/image\/","url":"https:\/\/thebestvintage.fr\/\/wp-content\/uploads\/2024\/01\/logo-yiast.jpg","contentUrl":"https:\/\/thebestvintage.fr\/\/wp-content\/uploads\/2024\/01\/logo-yiast.jpg","width":696,"height":696,"caption":"Best Vintage"},"image":{"@id":"https:\/\/thebestvintage.fr\/en\/#\/schema\/logo\/image\/"},"sameAs":["https:\/\/www.facebook.com\/thebestvintage84\/","https:\/\/www.instagram.com\/wine_bestvintage\/"]}]}},"_links":{"self":[{"href":"https:\/\/thebestvintage.fr\/en\/wp-json\/wp\/v2\/pages\/18568","targetHints":{"allow":["GET"]}}],"collection":[{"href":"https:\/\/thebestvintage.fr\/en\/wp-json\/wp\/v2\/pages"}],"about":[{"href":"https:\/\/thebestvintage.fr\/en\/wp-json\/wp\/v2\/types\/page"}],"author":[{"embeddable":true,"href":"https:\/\/thebestvintage.fr\/en\/wp-json\/wp\/v2\/users\/2"}],"replies":[{"embeddable":true,"href":"https:\/\/thebestvintage.fr\/en\/wp-json\/wp\/v2\/comments?post=18568"}],"version-history":[{"count":0,"href":"https:\/\/thebestvintage.fr\/en\/wp-json\/wp\/v2\/pages\/18568\/revisions"}],"wp:attachment":[{"href":"https:\/\/thebestvintage.fr\/en\/wp-json\/wp\/v2\/media?parent=18568"}],"curies":[{"name":"wp","href":"https:\/\/api.w.org\/{rel}","templated":true}]}}