{"id":23500,"date":"2025-12-01T12:38:01","date_gmt":"2025-12-01T11:38:01","guid":{"rendered":"https:\/\/thebestvintage.fr\/\/sitemap\/"},"modified":"2025-12-04T12:25:23","modified_gmt":"2025-12-04T11:25:23","slug":"sitemap-en","status":"publish","type":"page","link":"https:\/\/thebestvintage.fr\/en\/sitemap-en\/","title":{"rendered":"sitemap"},"content":{"rendered":"<p>[et_pb_section fb_built=&#8221;1&#8243; _builder_version=&#8221;4.21.0&#8243; _module_preset=&#8221;default&#8221; global_colors_info=&#8221;{}&#8221;][et_pb_row _builder_version=&#8221;4.21.0&#8243; _module_preset=&#8221;default&#8221; global_colors_info=&#8221;{}&#8221;][et_pb_column type=&#8221;4_4&#8243; _builder_version=&#8221;4.21.0&#8243; _module_preset=&#8221;default&#8221; global_colors_info=&#8221;{}&#8221;][et_pb_text _builder_version=&#8221;4.27.4&#8243; _module_preset=&#8221;default&#8221; global_colors_info=&#8221;{}&#8221;]<\/p>\n<h1>Best Vintage site map<\/h1>\n<p>\n Easily find all the important pages, e-commerce categories<br \/>\nand estates on offer at <strong>TheBestVintage.fr<\/strong>, specialist wine merchant<br \/>\nfor <strong>Ch\u00e2teauneuf-du-Pape<\/strong> wines at estate prices.\n<\/p>\n<p><!-- SECTION : PAGES PRINCIPALES --><\/p>\n<section>\n<h2>Main pages<\/h2>\n<ul>\n<li><a href=\"https:\/\/thebestvintage.fr\/\/en\/\">Home<\/a><\/li>\n<li><a href=\"https:\/\/thebestvintage.fr\/\/choisir-son-vin\/\">Choose your wine<\/a><\/li>\n<li><a href=\"https:\/\/thebestvintage.fr\/\/en\/trouvez-le-vin-ideal\/\">Find the perfect wine<\/a><\/li>\n<li><a href=\"https:\/\/thebestvintage.fr\/\/en\/liste-de-nos-domaines\/\">List of estates and ch\u00e2teaux<\/a><\/li>\n<li><a href=\"https:\/\/thebestvintage.fr\/\/en\/product-category\/vins-chateauneuf-du-pape-en-2\/\">Wines of Ch\u00e2teauneuf-du-Pape<\/a><\/li>\n<li><a href=\"https:\/\/thebestvintage.fr\/\/en\/the-world-of-best-vintage\/\">Our cellar in Ch\u00e2teauneuf-du-Pape<\/a><\/li>\n<li><a href=\"https:\/\/thebestvintage.fr\/\/en\/caveau-chateauneuf-du-pape\/\">Caveau Ch\u00e2teauneuf-du-Pape<\/a><\/li>\n<li><a href=\"https:\/\/thebestvintage.fr\/\/en\/degustation-de-vins-a-chateauneuf-du-pape\/\">Wine tasting<\/a><\/li>\n<li><a href=\"https:\/\/thebestvintage.fr\/\/en\/decouvrez-chateauneuf-du-pape\/\">Discover Ch\u00e2teauneuf-du-Pape<\/a><\/li>\n<li><a href=\"https:\/\/thebestvintage.fr\/\/en\/maison-des-vins-chateauneuf-du-pape\/\">Wine House<\/a><\/li>\n<li><a href=\"https:\/\/thebestvintage.fr\/\/en\/le-blog-best-vintage\/\">Best Vintage Blog<\/a><\/li>\n<\/ul>\n<\/section>\n<p><!-- SECTION : CATEGORIES E-COMMERCE --><\/p>\n<section>\n<h2>Main e-commerce categories<\/h2>\n<h3>Wines by color and style<\/h3>\n<ul>\n<li><a href=\"https:\/\/thebestvintage.fr\/\/en\/product-category\/vins-chateauneuf-du-pape-en-2\/\">Wines of Ch\u00e2teauneuf-du-Pape<\/a><\/li>\n<li><a href=\"https:\/\/thebestvintage.fr\/\/en\/product-category\/white-wines\/\">White wines<\/a><\/li>\n<p>        <!-- \u00c9volution future : rouges, ros\u00e9s, effervescents --><\/p>\n<li><a href=\"https:\/\/thebestvintage.fr\/\/en\/product-category\/empty-bottle\/\">Empty bottles<\/a><\/li>\n<\/ul>\n<h3>Selections and best sellers<\/h3>\n<ul>\n<li><a href=\"https:\/\/thebestvintage.fr\/\/en\/product-category\/wine-of-the-day\/\">Wines of the moment<\/a><\/li>\n<li><a href=\"https:\/\/thebestvintage.fr\/\/en\/product-category\/the-treasures-of-chateauneuf-du-pape\/\">The treasures of Ch\u00e2teauneuf-du-Pape<\/a><\/li>\n<li><a href=\"https:\/\/thebestvintage.fr\/\/en\/product-category\/the-best-under-e15\/\">Wines under \u20ac15<\/a><\/li>\n<li><a href=\"https:\/\/thebestvintage.fr\/\/en\/product-category\/stephanes-nuggets\/\">St\u00e9phane&#8217;s nuggets<\/a><\/li>\n<li><a href=\"https:\/\/thebestvintage.fr\/\/en\/product-category\/top-100-de-jeb-dunnuck-2024-en-2\/\">Top 100 Jeb Dunnuck 2024<\/a><\/li>\n<\/ul>\n<h3>Notes &amp; trade press<\/h3>\n<ul>\n<li><a href=\"https:\/\/thebestvintage.fr\/\/en\/product-category\/chateauneuf-du-pape-note-par-la-rvf\/\">Ch\u00e2teauneuf-du-Pape rated RVF<\/a><\/li>\n<li><a href=\"https:\/\/thebestvintage.fr\/\/en\/product-category\/rating-from-98-to-100-100\/\">Ratings Jeb Dunnuck 98-100\/100<\/a><\/li>\n<\/ul>\n<\/section>\n<p><!-- SECTION : DOMAINES --><\/p>\n<section>\n<h2>Ch\u00e2teauneuf-du-Pape wineries<\/h2>\n<p>Discover the leading estates available at property prices:<\/p>\n<ul>\n<li><a href=\"https:\/\/thebestvintage.fr\/\/en\/product-category\/chateau-de-beaucastel-chateauneuf-du-pape-en-2\/\">Ch\u00e2teau de Beaucastel<\/a><\/li>\n<li><a href=\"https:\/\/thebestvintage.fr\/\/en\/product-category\/clos-des-papes-chateauneuf-du-pape-en-2\/\">Clos des Papes<\/a><\/li>\n<li><a href=\"\/?product_cat=vieux-donjon-chateauneuf-du-pape\">Vieux Donjon<\/a><\/li>\n<li><a href=\"https:\/\/thebestvintage.fr\/\/en\/product-category\/domaine-charvin-chateauneuf-du-pape-en-2\/\">Domaine Charvin<\/a><\/li>\n<li><a href=\"https:\/\/thebestvintage.fr\/\/en\/product-category\/domaine-mayard\/\">Domaine Mayard<\/a><\/li>\n<li><a href=\"https:\/\/thebestvintage.fr\/\/en\/product-category\/clos-saint-jean-chateauneuf-du-pape-en-2\/\">Clos Saint Jean<\/a><\/li>\n<li><a href=\"https:\/\/thebestvintage.fr\/\/en\/product-category\/domaine-marcoux-chateauneuf-du-pape-en-2\/\">Marcoux Estate<\/a><\/li>\n<li><a href=\"https:\/\/thebestvintage.fr\/\/en\/product-category\/domaine-du-vieux-telegraphe-chateauneuf-du-pape-en-2\/\">Domaine du Vieux T\u00e9l\u00e9graphe<\/a><\/li>\n<li><a href=\"https:\/\/thebestvintage.fr\/\/en\/product-category\/chateau-la-nerthe-chateauneuf-du-pape-en-2\/\">Ch\u00e2teau La Nerthe<\/a><\/li>\n<li><a href=\"https:\/\/thebestvintage.fr\/\/en\/product-category\/chateau-des-fines-roches-chateauneuf-du-pape-en-2\/\">Ch\u00e2teau des Fines Roches<\/a><\/li>\n<li><a href=\"https:\/\/thebestvintage.fr\/\/en\/product-category\/porte-rouge-chateauneuf-du-pape-en-2\/\">Red Door<\/a><\/li>\n<li><a href=\"https:\/\/thebestvintage.fr\/\/en\/product-category\/mounir-et-rotem-saouma-chateauneuf-du-pape-en-2\/\">Clos Saouma \u2013 Mounir &amp; Rotem Saouma<\/a><\/li>\n<\/ul>\n<h3>Other key areas<\/h3>\n<ul>\n<li><a href=\"https:\/\/thebestvintage.fr\/\/en\/product-category\/gourt-de-mautens-jerome-bressy-en-2\/\">Gourt de Mautens \u2013 J\u00e9r\u00f4me Bressy<\/a><\/li>\n<li><a href=\"https:\/\/thebestvintage.fr\/\/en\/product-category\/mas-jullien-en\/\">Mas Jullien<\/a><\/li>\n<li><a href=\"https:\/\/thebestvintage.fr\/\/en\/product-category\/roc-danglade-en\/\">Roc d\u2019Anglade<\/a><\/li>\n<\/ul>\n<\/section>\n<p><!-- SECTION : EDITORIAL --><\/p>\n<section>\n<h2>Editorial content and guides<\/h2>\n<ul>\n<li><a href=\"https:\/\/thebestvintage.fr\/\/en\/le-blog-best-vintage\/\">Best Vintage Blog<\/a><\/li>\n<li><a href=\"https:\/\/thebestvintage.fr\/\/en\/category\/food-wine-pairing\/\">Food &amp; wine pairing<\/a><\/li>\n<li><a href=\"https:\/\/thebestvintage.fr\/\/en\/category\/grape-varieties-and-terroirs\/\">Grape varieties &amp; terroirs<\/a><\/li>\n<li><a href=\"https:\/\/thebestvintage.fr\/\/en\/le-meilleur-chateauneuf-du-pape\/\">The best of Ch\u00e2teauneuf-du-Pape<\/a><\/li>\n<li><a href=\"https:\/\/thebestvintage.fr\/\/en\/what-are-the-best-chateauneuf-du-pape-wines\/\">Top wines of Ch\u00e2teauneuf-du-Pape<\/a><\/li>\n<li><a href=\"https:\/\/thebestvintage.fr\/\/en\/type-de-vin-chateauneuf-du-pape\/\">What type of wine?<\/a><\/li>\n<li><a href=\"https:\/\/thebestvintage.fr\/\/en\/clos-des-papes-lexcellence-a-chateauneuf-du-pape\/\">Clos des Papes file<\/a><\/li>\n<li><a href=\"https:\/\/thebestvintage.fr\/\/en\/old-telegraph\/\">Vieux T\u00e9l\u00e9graphe file<\/a><\/li>\n<\/ul>\n<\/section>\n<p><!-- SECTION : INFOS PRATIQUES --><\/p>\n<section>\n<h2>Practical &amp; legal information<\/h2>\n<ul>\n<li><a href=\"https:\/\/thebestvintage.fr\/\/en\/contact\/\">Contact<\/a><\/li>\n<li><a href=\"https:\/\/thebestvintage.fr\/\/en\/delivery-charges\/\">Delivery charges<\/a><\/li>\n<li><a href=\"https:\/\/thebestvintage.fr\/\/en\/mentions-legales\/\">Terms of use<\/a><\/li>\n<li><a href=\"https:\/\/thebestvintage.fr\/\/en\/cgv\/\">Terms and conditions of sale<\/a><\/li>\n<li><a href=\"https:\/\/thebestvintage.fr\/\/en\/politique-de-confidentialite\/\">Privacy policy<\/a><\/li>\n<\/ul>\n<\/section>\n<p><!-- SECTION : ESPACE CLIENT --><\/p>\n<section>\n<h2>Customer area<\/h2>\n<ul>\n<li><a href=\"https:\/\/thebestvintage.fr\/\/mon-compte\/\">My account<\/a><\/li>\n<\/ul>\n<\/section>\n<p>[\/et_pb_text][\/et_pb_column][\/et_pb_row][\/et_pb_section]<\/p>\n","protected":false},"excerpt":{"rendered":"<p>Best Vintage site map Easily find all the important pages, e-commerce categories and estates on offer at TheBestVintage.fr, specialist wine merchant for Ch\u00e2teauneuf-du-Pape wines at estate prices. Main pages Home Choose your wine Find the perfect wine List of estates and ch\u00e2teaux Wines of Ch\u00e2teauneuf-du-Pape Our cellar in Ch\u00e2teauneuf-du-Pape Caveau Ch\u00e2teauneuf-du-Pape Wine tasting Discover Ch\u00e2teauneuf-du-Pape [&hellip;]<\/p>\n","protected":false},"author":2,"featured_media":0,"parent":0,"menu_order":0,"comment_status":"closed","ping_status":"closed","template":"","meta":{"_acf_changed":false,"_et_pb_use_builder":"on","_et_pb_old_content":"","_et_gb_content_width":"","footnotes":""},"class_list":["post-23500","page","type-page","status-publish","hentry"],"acf":[],"yoast_head":"<!-- This site is optimized with the Yoast SEO plugin v27.5 - https:\/\/yoast.com\/product\/yoast-seo-wordpress\/ -->\n<title>Complete sitemap of Ch\u00e2teauneuf du Pape wines and estates<\/title>\n<meta name=\"description\" content=\"Discover the Best Vintage site map: access to categories, estates, wine pages to explore our Ch\u00e2teauneuf du Pape wines.\" \/>\n<meta name=\"robots\" content=\"index, follow, max-snippet:-1, max-image-preview:large, max-video-preview:-1\" \/>\n<link rel=\"canonical\" href=\"https:\/\/thebestvintage.fr\/en\/sitemap-en\/\" \/>\n<meta property=\"og:locale\" content=\"en_US\" \/>\n<meta property=\"og:type\" content=\"article\" \/>\n<meta property=\"og:title\" content=\"Complete sitemap of Ch\u00e2teauneuf du Pape wines and estates\" \/>\n<meta property=\"og:description\" content=\"Discover the Best Vintage site map: access to categories, estates, wine pages to explore our Ch\u00e2teauneuf du Pape wines.\" \/>\n<meta property=\"og:url\" content=\"https:\/\/thebestvintage.fr\/en\/sitemap-en\/\" \/>\n<meta property=\"og:site_name\" content=\"Best Vintage\" \/>\n<meta property=\"article:publisher\" content=\"https:\/\/www.facebook.com\/thebestvintage84\/\" \/>\n<meta property=\"article:modified_time\" content=\"2025-12-04T11:25:23+00:00\" \/>\n<meta property=\"og:image\" content=\"https:\/\/thebestvintage.fr\/wp-content\/uploads\/2024\/01\/logo-yoas.jpg\" \/>\n\t<meta property=\"og:image:width\" content=\"1200\" \/>\n\t<meta property=\"og:image:height\" content=\"675\" \/>\n\t<meta property=\"og:image:type\" content=\"image\/jpeg\" \/>\n<meta name=\"twitter:card\" content=\"summary_large_image\" \/>\n<meta name=\"twitter:label1\" content=\"Est. reading time\" \/>\n\t<meta name=\"twitter:data1\" content=\"2 minutes\" \/>\n<script type=\"application\/ld+json\" class=\"yoast-schema-graph\">{\"@context\":\"https:\\\/\\\/schema.org\",\"@graph\":[{\"@type\":\"WebPage\",\"@id\":\"https:\\\/\\\/thebestvintage.fr\\\/en\\\/sitemap-en\\\/\",\"url\":\"https:\\\/\\\/thebestvintage.fr\\\/en\\\/sitemap-en\\\/\",\"name\":\"Complete sitemap of Ch\u00e2teauneuf du Pape wines and estates\",\"isPartOf\":{\"@id\":\"https:\\\/\\\/thebestvintage.fr\\\/en\\\/#website\"},\"datePublished\":\"2025-12-01T11:38:01+00:00\",\"dateModified\":\"2025-12-04T11:25:23+00:00\",\"description\":\"Discover the Best Vintage site map: access to categories, estates, wine pages to explore our Ch\u00e2teauneuf du Pape wines.\",\"breadcrumb\":{\"@id\":\"https:\\\/\\\/thebestvintage.fr\\\/en\\\/sitemap-en\\\/#breadcrumb\"},\"inLanguage\":\"en-US\",\"potentialAction\":[{\"@type\":\"ReadAction\",\"target\":[\"https:\\\/\\\/thebestvintage.fr\\\/en\\\/sitemap-en\\\/\"]}]},{\"@type\":\"BreadcrumbList\",\"@id\":\"https:\\\/\\\/thebestvintage.fr\\\/en\\\/sitemap-en\\\/#breadcrumb\",\"itemListElement\":[{\"@type\":\"ListItem\",\"position\":1,\"name\":\"Accueil\",\"item\":\"https:\\\/\\\/thebestvintage.fr\\\/en\\\/\"},{\"@type\":\"ListItem\",\"position\":2,\"name\":\"sitemap\"}]},{\"@type\":\"WebSite\",\"@id\":\"https:\\\/\\\/thebestvintage.fr\\\/en\\\/#website\",\"url\":\"https:\\\/\\\/thebestvintage.fr\\\/en\\\/\",\"name\":\"Best Vintage\",\"description\":\"Le caviste de Ch\u00e2teauneuf du Pape\",\"publisher\":{\"@id\":\"https:\\\/\\\/thebestvintage.fr\\\/en\\\/#organization\"},\"potentialAction\":[{\"@type\":\"SearchAction\",\"target\":{\"@type\":\"EntryPoint\",\"urlTemplate\":\"https:\\\/\\\/thebestvintage.fr\\\/en\\\/?s={search_term_string}\"},\"query-input\":{\"@type\":\"PropertyValueSpecification\",\"valueRequired\":true,\"valueName\":\"search_term_string\"}}],\"inLanguage\":\"en-US\"},{\"@type\":\"Organization\",\"@id\":\"https:\\\/\\\/thebestvintage.fr\\\/en\\\/#organization\",\"name\":\"Best Vintage\",\"url\":\"https:\\\/\\\/thebestvintage.fr\\\/en\\\/\",\"logo\":{\"@type\":\"ImageObject\",\"inLanguage\":\"en-US\",\"@id\":\"https:\\\/\\\/thebestvintage.fr\\\/en\\\/#\\\/schema\\\/logo\\\/image\\\/\",\"url\":\"https:\\\/\\\/thebestvintage.fr\\\/\\\/wp-content\\\/uploads\\\/2024\\\/01\\\/logo-yiast.jpg\",\"contentUrl\":\"https:\\\/\\\/thebestvintage.fr\\\/\\\/wp-content\\\/uploads\\\/2024\\\/01\\\/logo-yiast.jpg\",\"width\":696,\"height\":696,\"caption\":\"Best Vintage\"},\"image\":{\"@id\":\"https:\\\/\\\/thebestvintage.fr\\\/en\\\/#\\\/schema\\\/logo\\\/image\\\/\"},\"sameAs\":[\"https:\\\/\\\/www.facebook.com\\\/thebestvintage84\\\/\",\"https:\\\/\\\/www.instagram.com\\\/wine_bestvintage\\\/\"]}]}<\/script>\n<!-- \/ Yoast SEO plugin. -->","yoast_head_json":{"title":"Complete sitemap of Ch\u00e2teauneuf du Pape wines and estates","description":"Discover the Best Vintage site map: access to categories, estates, wine pages to explore our Ch\u00e2teauneuf du Pape wines.","robots":{"index":"index","follow":"follow","max-snippet":"max-snippet:-1","max-image-preview":"max-image-preview:large","max-video-preview":"max-video-preview:-1"},"canonical":"https:\/\/thebestvintage.fr\/en\/sitemap-en\/","og_locale":"en_US","og_type":"article","og_title":"Complete sitemap of Ch\u00e2teauneuf du Pape wines and estates","og_description":"Discover the Best Vintage site map: access to categories, estates, wine pages to explore our Ch\u00e2teauneuf du Pape wines.","og_url":"https:\/\/thebestvintage.fr\/en\/sitemap-en\/","og_site_name":"Best Vintage","article_publisher":"https:\/\/www.facebook.com\/thebestvintage84\/","article_modified_time":"2025-12-04T11:25:23+00:00","og_image":[{"width":1200,"height":675,"url":"https:\/\/thebestvintage.fr\/wp-content\/uploads\/2024\/01\/logo-yoas.jpg","type":"image\/jpeg"}],"twitter_card":"summary_large_image","twitter_misc":{"Est. reading time":"2 minutes"},"schema":{"@context":"https:\/\/schema.org","@graph":[{"@type":"WebPage","@id":"https:\/\/thebestvintage.fr\/en\/sitemap-en\/","url":"https:\/\/thebestvintage.fr\/en\/sitemap-en\/","name":"Complete sitemap of Ch\u00e2teauneuf du Pape wines and estates","isPartOf":{"@id":"https:\/\/thebestvintage.fr\/en\/#website"},"datePublished":"2025-12-01T11:38:01+00:00","dateModified":"2025-12-04T11:25:23+00:00","description":"Discover the Best Vintage site map: access to categories, estates, wine pages to explore our Ch\u00e2teauneuf du Pape wines.","breadcrumb":{"@id":"https:\/\/thebestvintage.fr\/en\/sitemap-en\/#breadcrumb"},"inLanguage":"en-US","potentialAction":[{"@type":"ReadAction","target":["https:\/\/thebestvintage.fr\/en\/sitemap-en\/"]}]},{"@type":"BreadcrumbList","@id":"https:\/\/thebestvintage.fr\/en\/sitemap-en\/#breadcrumb","itemListElement":[{"@type":"ListItem","position":1,"name":"Accueil","item":"https:\/\/thebestvintage.fr\/en\/"},{"@type":"ListItem","position":2,"name":"sitemap"}]},{"@type":"WebSite","@id":"https:\/\/thebestvintage.fr\/en\/#website","url":"https:\/\/thebestvintage.fr\/en\/","name":"Best Vintage","description":"Le caviste de Ch\u00e2teauneuf du Pape","publisher":{"@id":"https:\/\/thebestvintage.fr\/en\/#organization"},"potentialAction":[{"@type":"SearchAction","target":{"@type":"EntryPoint","urlTemplate":"https:\/\/thebestvintage.fr\/en\/?s={search_term_string}"},"query-input":{"@type":"PropertyValueSpecification","valueRequired":true,"valueName":"search_term_string"}}],"inLanguage":"en-US"},{"@type":"Organization","@id":"https:\/\/thebestvintage.fr\/en\/#organization","name":"Best Vintage","url":"https:\/\/thebestvintage.fr\/en\/","logo":{"@type":"ImageObject","inLanguage":"en-US","@id":"https:\/\/thebestvintage.fr\/en\/#\/schema\/logo\/image\/","url":"https:\/\/thebestvintage.fr\/\/wp-content\/uploads\/2024\/01\/logo-yiast.jpg","contentUrl":"https:\/\/thebestvintage.fr\/\/wp-content\/uploads\/2024\/01\/logo-yiast.jpg","width":696,"height":696,"caption":"Best Vintage"},"image":{"@id":"https:\/\/thebestvintage.fr\/en\/#\/schema\/logo\/image\/"},"sameAs":["https:\/\/www.facebook.com\/thebestvintage84\/","https:\/\/www.instagram.com\/wine_bestvintage\/"]}]}},"_links":{"self":[{"href":"https:\/\/thebestvintage.fr\/en\/wp-json\/wp\/v2\/pages\/23500","targetHints":{"allow":["GET"]}}],"collection":[{"href":"https:\/\/thebestvintage.fr\/en\/wp-json\/wp\/v2\/pages"}],"about":[{"href":"https:\/\/thebestvintage.fr\/en\/wp-json\/wp\/v2\/types\/page"}],"author":[{"embeddable":true,"href":"https:\/\/thebestvintage.fr\/en\/wp-json\/wp\/v2\/users\/2"}],"replies":[{"embeddable":true,"href":"https:\/\/thebestvintage.fr\/en\/wp-json\/wp\/v2\/comments?post=23500"}],"version-history":[{"count":0,"href":"https:\/\/thebestvintage.fr\/en\/wp-json\/wp\/v2\/pages\/23500\/revisions"}],"wp:attachment":[{"href":"https:\/\/thebestvintage.fr\/en\/wp-json\/wp\/v2\/media?parent=23500"}],"curies":[{"name":"wp","href":"https:\/\/api.w.org\/{rel}","templated":true}]}}