{"id":11558,"date":"2025-01-10T16:54:59","date_gmt":"2025-01-10T15:54:59","guid":{"rendered":"https:\/\/thebestvintage.fr\/\/?post_type=product&#038;p=11558"},"modified":"2026-03-17T11:45:49","modified_gmt":"2026-03-17T10:45:49","slug":"famille-isabelle-ferrando-clos-beatus-ille-2024","status":"publish","type":"product","link":"https:\/\/thebestvintage.fr\/en\/produit\/famille-isabelle-ferrando-clos-beatus-ille-2024\/","title":{"rendered":"Famille Isabel Ferrando Clos Beatus Ille red 2024"},"content":{"rendered":"<p>[et_pb_section fb_built=&#8221;1&#8243; _builder_version=&#8221;4.16&#8243; custom_padding=&#8221;0px||||false|false&#8221; collapsed=&#8221;on&#8221; global_colors_info=&#8221;{}&#8221;][et_pb_row _builder_version=&#8221;4.16&#8243; background_size=&#8221;initial&#8221; background_position=&#8221;top_left&#8221; background_repeat=&#8221;repeat&#8221; width=&#8221;100%&#8221; custom_padding=&#8221;0px||0px||false|false&#8221; global_colors_info=&#8221;{}&#8221;][et_pb_column type=&#8221;4_4&#8243; _builder_version=&#8221;4.16&#8243; custom_padding=&#8221;|||&#8221; global_colors_info=&#8221;{}&#8221; custom_padding__hover=&#8221;|||&#8221;][et_pb_wc_breadcrumb _builder_version=&#8221;4.16&#8243; global_colors_info=&#8221;{}&#8221;][\/et_pb_wc_breadcrumb][et_pb_text _builder_version=&#8221;4.22.1&#8243; _module_preset=&#8221;default&#8221; text_text_color=&#8221;#E02B20&#8243; text_font_size=&#8221;18px&#8221; global_colors_info=&#8221;{}&#8221;]<\/p>\n<p><em>AOC Chateauneuf du Pape &#8211; red wine &#8211; 75cl bottle<\/em><\/p>\n<p>[\/et_pb_text][et_pb_wc_cart_notice _builder_version=&#8221;4.16&#8243; global_colors_info=&#8221;{}&#8221;][\/et_pb_wc_cart_notice][\/et_pb_column][\/et_pb_row][et_pb_row column_structure=&#8221;1_2,1_2&#8243; _builder_version=&#8221;4.16&#8243; background_size=&#8221;initial&#8221; background_position=&#8221;top_left&#8221; background_repeat=&#8221;repeat&#8221; width=&#8221;100%&#8221; custom_padding=&#8221;0px||||false|false&#8221; global_colors_info=&#8221;{}&#8221;][et_pb_column type=&#8221;1_2&#8243; _builder_version=&#8221;4.16&#8243; custom_padding=&#8221;|||&#8221; global_colors_info=&#8221;{}&#8221; custom_padding__hover=&#8221;|||&#8221;][et_pb_wc_images _builder_version=&#8221;4.16&#8243; global_colors_info=&#8221;{}&#8221;][\/et_pb_wc_images][\/et_pb_column][et_pb_column type=&#8221;1_2&#8243; _builder_version=&#8221;4.16&#8243; custom_padding=&#8221;|||&#8221; global_colors_info=&#8221;{}&#8221; custom_padding__hover=&#8221;|||&#8221;][et_pb_wc_title _builder_version=&#8221;4.22.1&#8243; global_colors_info=&#8221;{}&#8221;][\/et_pb_wc_title][et_pb_wc_rating _builder_version=&#8221;4.16&#8243; global_colors_info=&#8221;{}&#8221;][\/et_pb_wc_rating][et_pb_wc_price _builder_version=&#8221;4.16&#8243; global_colors_info=&#8221;{}&#8221;][\/et_pb_wc_price][et_pb_wc_description _builder_version=&#8221;4.16&#8243; global_colors_info=&#8221;{}&#8221;][\/et_pb_wc_description][et_pb_wc_add_to_cart _builder_version=&#8221;4.16&#8243; global_colors_info=&#8221;{}&#8221;][\/et_pb_wc_add_to_cart][et_pb_wc_meta _builder_version=&#8221;4.16&#8243; global_colors_info=&#8221;{}&#8221;][\/et_pb_wc_meta][\/et_pb_column][\/et_pb_row][et_pb_row _builder_version=&#8221;4.16&#8243; background_size=&#8221;initial&#8221; background_position=&#8221;top_left&#8221; background_repeat=&#8221;repeat&#8221; width=&#8221;100%&#8221; global_colors_info=&#8221;{}&#8221;][et_pb_column type=&#8221;4_4&#8243; _builder_version=&#8221;4.16&#8243; custom_padding=&#8221;|||&#8221; global_colors_info=&#8221;{}&#8221; custom_padding__hover=&#8221;|||&#8221;][et_pb_wc_tabs _builder_version=&#8221;4.16&#8243; global_colors_info=&#8221;{}&#8221;]\t\t\t\t\t[\/et_pb_wc_tabs][et_pb_wc_upsells _builder_version=&#8221;4.16&#8243; global_colors_info=&#8221;{}&#8221;][\/et_pb_wc_upsells][et_pb_wc_related_products _builder_version=&#8221;4.16&#8243; global_colors_info=&#8221;{}&#8221;][\/et_pb_wc_related_products][\/et_pb_column][\/et_pb_row][\/et_pb_section]<\/p>\n","protected":false},"excerpt":{"rendered":"<p>Clos Beatus Ille 2024 from Famille Isabel Ferrando is a confidential cuv\u00e9e offering a refined and contemporary vision of Ch\u00e2teauneuf-du-Pape. Crafted mainly from Grenache grown on sandy soils, it emphasizes finesse, purity and freshness. Gentle winemaking and careful ageing preserve aromatic precision. The wine reveals notes of fresh red fruits, flowers, garrigue and subtle spices. The palate is elegant, balanced and fluid with silky tannins and vibrant freshness. A charming wine that can be enjoyed young yet will evolve beautifully.   <\/p>\n","protected":false},"featured_media":2943,"template":"","meta":{"_acf_changed":false,"_et_pb_use_builder":"on","_et_pb_old_content":"Made from a parcel of red clay and pebbles, the Clos Beatus Ille cuv\u00e9e offers immense pleasure. Traditional vinification with 100% destemmed grapes. Blend of 85% Grenache and 15% Cinsault. Aged 6 months in concrete vats to preserve all the freshness of the fruit. The medium ruby color reveals a crisp nose of zesty red fruit, fresh spices and eucalyptus. The slender palate is juicy, giving a taste of longing. The ultra-supple tannins are very appetizing. There's no need to intellectualize this wine, the objective here is immediate pleasure and sharing with friends around a good barbecue.       ","_et_gb_content_width":""},"product_brand":[],"product_cat":[330,141],"product_tag":[],"class_list":{"0":"post-11558","1":"product","2":"type-product","3":"status-publish","4":"has-post-thumbnail","6":"product_cat-vins-chateauneuf-du-pape-en-2","7":"product_cat-isabel-ferrando-chateauneuf-du-pape-en-2","9":"first","10":"instock","11":"taxable","12":"shipping-taxable","13":"purchasable","14":"product-type-simple","15":"add-to-wishlist-after_add_to_cart"},"acf":[],"yoast_head":"<!-- This site is optimized with the Yoast SEO plugin v27.5 - https:\/\/yoast.com\/product\/yoast-seo-wordpress\/ -->\n<title>Famille Ferrando Clos Beatus Ille 2024 \u00e0 Prix Propri\u00e9t\u00e9!<\/title>\n<meta name=\"description\" content=\"Clos Beatus Ille 2024 d\u2019Isabel Ferrando est un C\u00f4tes du Rh\u00f4ne \u00e9l\u00e9gant, frais et pr\u00e9cis aux notes de fruits rouges et garrigue.\" \/>\n<meta name=\"robots\" content=\"index, follow, max-snippet:-1, max-image-preview:large, max-video-preview:-1\" \/>\n<link rel=\"canonical\" href=\"https:\/\/thebestvintage.fr\/en\/produit\/famille-isabelle-ferrando-clos-beatus-ille-2024\/\" \/>\n<meta property=\"og:locale\" content=\"en_US\" \/>\n<meta property=\"og:type\" content=\"article\" \/>\n<meta property=\"og:title\" content=\"Famille Ferrando Clos Beatus Ille 2024 \u00e0 Prix Propri\u00e9t\u00e9!\" \/>\n<meta property=\"og:description\" content=\"Clos Beatus Ille 2024 d\u2019Isabel Ferrando est un C\u00f4tes du Rh\u00f4ne \u00e9l\u00e9gant, frais et pr\u00e9cis aux notes de fruits rouges et garrigue.\" \/>\n<meta property=\"og:url\" content=\"https:\/\/thebestvintage.fr\/en\/produit\/famille-isabelle-ferrando-clos-beatus-ille-2024\/\" \/>\n<meta property=\"og:site_name\" content=\"Best Vintage\" \/>\n<meta property=\"article:publisher\" content=\"https:\/\/www.facebook.com\/thebestvintage84\/\" \/>\n<meta property=\"article:modified_time\" content=\"2026-03-17T10:45:49+00:00\" \/>\n<meta property=\"og:image\" content=\"https:\/\/thebestvintage.fr\/wp-content\/uploads\/2023\/09\/beatus-ille-ferrando.jpg\" \/>\n\t<meta property=\"og:image:width\" content=\"1000\" \/>\n\t<meta property=\"og:image:height\" content=\"1000\" \/>\n\t<meta property=\"og:image:type\" content=\"image\/jpeg\" \/>\n<meta name=\"twitter:card\" content=\"summary_large_image\" \/>\n<meta name=\"twitter:label1\" content=\"Est. reading time\" \/>\n\t<meta name=\"twitter:data1\" content=\"2 minutes\" \/>\n<script type=\"application\/ld+json\" class=\"yoast-schema-graph\">{\"@context\":\"https:\\\/\\\/schema.org\",\"@graph\":[{\"@type\":\"WebPage\",\"@id\":\"https:\\\/\\\/thebestvintage.fr\\\/en\\\/produit\\\/famille-isabelle-ferrando-clos-beatus-ille-2024\\\/\",\"url\":\"https:\\\/\\\/thebestvintage.fr\\\/en\\\/produit\\\/famille-isabelle-ferrando-clos-beatus-ille-2024\\\/\",\"name\":\"Famille Ferrando Clos Beatus Ille 2024 \u00e0 Prix Propri\u00e9t\u00e9!\",\"isPartOf\":{\"@id\":\"https:\\\/\\\/thebestvintage.fr\\\/en\\\/#website\"},\"primaryImageOfPage\":{\"@id\":\"https:\\\/\\\/thebestvintage.fr\\\/en\\\/produit\\\/famille-isabelle-ferrando-clos-beatus-ille-2024\\\/#primaryimage\"},\"image\":{\"@id\":\"https:\\\/\\\/thebestvintage.fr\\\/en\\\/produit\\\/famille-isabelle-ferrando-clos-beatus-ille-2024\\\/#primaryimage\"},\"thumbnailUrl\":\"https:\\\/\\\/thebestvintage.fr\\\/wp-content\\\/uploads\\\/2023\\\/09\\\/beatus-ille-ferrando.jpg\",\"datePublished\":\"2025-01-10T15:54:59+00:00\",\"dateModified\":\"2026-03-17T10:45:49+00:00\",\"description\":\"Clos Beatus Ille 2024 d\u2019Isabel Ferrando est un C\u00f4tes du Rh\u00f4ne \u00e9l\u00e9gant, frais et pr\u00e9cis aux notes de fruits rouges et garrigue.\",\"breadcrumb\":{\"@id\":\"https:\\\/\\\/thebestvintage.fr\\\/en\\\/produit\\\/famille-isabelle-ferrando-clos-beatus-ille-2024\\\/#breadcrumb\"},\"inLanguage\":\"en-US\",\"potentialAction\":[{\"@type\":\"ReadAction\",\"target\":[\"https:\\\/\\\/thebestvintage.fr\\\/en\\\/produit\\\/famille-isabelle-ferrando-clos-beatus-ille-2024\\\/\"]}]},{\"@type\":\"ImageObject\",\"inLanguage\":\"en-US\",\"@id\":\"https:\\\/\\\/thebestvintage.fr\\\/en\\\/produit\\\/famille-isabelle-ferrando-clos-beatus-ille-2024\\\/#primaryimage\",\"url\":\"https:\\\/\\\/thebestvintage.fr\\\/wp-content\\\/uploads\\\/2023\\\/09\\\/beatus-ille-ferrando.jpg\",\"contentUrl\":\"https:\\\/\\\/thebestvintage.fr\\\/wp-content\\\/uploads\\\/2023\\\/09\\\/beatus-ille-ferrando.jpg\",\"width\":1000,\"height\":1000,\"caption\":\"Isabel Ferrando Beatus Ille 2023\"},{\"@type\":\"BreadcrumbList\",\"@id\":\"https:\\\/\\\/thebestvintage.fr\\\/en\\\/produit\\\/famille-isabelle-ferrando-clos-beatus-ille-2024\\\/#breadcrumb\",\"itemListElement\":[{\"@type\":\"ListItem\",\"position\":1,\"name\":\"Accueil\",\"item\":\"https:\\\/\\\/thebestvintage.fr\\\/en\\\/\"},{\"@type\":\"ListItem\",\"position\":2,\"name\":\"Choose your wine\",\"item\":\"https:\\\/\\\/thebestvintage.fr\\\/en\\\/choose-your-wine\\\/\"},{\"@type\":\"ListItem\",\"position\":3,\"name\":\"Famille Isabel Ferrando Clos Beatus Ille red 2024\"}]},{\"@type\":\"WebSite\",\"@id\":\"https:\\\/\\\/thebestvintage.fr\\\/en\\\/#website\",\"url\":\"https:\\\/\\\/thebestvintage.fr\\\/en\\\/\",\"name\":\"Best Vintage\",\"description\":\"Le caviste de Ch\u00e2teauneuf du Pape\",\"publisher\":{\"@id\":\"https:\\\/\\\/thebestvintage.fr\\\/en\\\/#organization\"},\"potentialAction\":[{\"@type\":\"SearchAction\",\"target\":{\"@type\":\"EntryPoint\",\"urlTemplate\":\"https:\\\/\\\/thebestvintage.fr\\\/en\\\/?s={search_term_string}\"},\"query-input\":{\"@type\":\"PropertyValueSpecification\",\"valueRequired\":true,\"valueName\":\"search_term_string\"}}],\"inLanguage\":\"en-US\"},{\"@type\":\"Organization\",\"@id\":\"https:\\\/\\\/thebestvintage.fr\\\/en\\\/#organization\",\"name\":\"Best Vintage\",\"url\":\"https:\\\/\\\/thebestvintage.fr\\\/en\\\/\",\"logo\":{\"@type\":\"ImageObject\",\"inLanguage\":\"en-US\",\"@id\":\"https:\\\/\\\/thebestvintage.fr\\\/en\\\/#\\\/schema\\\/logo\\\/image\\\/\",\"url\":\"https:\\\/\\\/thebestvintage.fr\\\/\\\/wp-content\\\/uploads\\\/2024\\\/01\\\/logo-yiast.jpg\",\"contentUrl\":\"https:\\\/\\\/thebestvintage.fr\\\/\\\/wp-content\\\/uploads\\\/2024\\\/01\\\/logo-yiast.jpg\",\"width\":696,\"height\":696,\"caption\":\"Best Vintage\"},\"image\":{\"@id\":\"https:\\\/\\\/thebestvintage.fr\\\/en\\\/#\\\/schema\\\/logo\\\/image\\\/\"},\"sameAs\":[\"https:\\\/\\\/www.facebook.com\\\/thebestvintage84\\\/\",\"https:\\\/\\\/www.instagram.com\\\/wine_bestvintage\\\/\"]}]}<\/script>\n<!-- \/ Yoast SEO plugin. -->","yoast_head_json":{"title":"Famille Ferrando Clos Beatus Ille 2024 \u00e0 Prix Propri\u00e9t\u00e9!","description":"Clos Beatus Ille 2024 d\u2019Isabel Ferrando est un C\u00f4tes du Rh\u00f4ne \u00e9l\u00e9gant, frais et pr\u00e9cis aux notes de fruits rouges et garrigue.","robots":{"index":"index","follow":"follow","max-snippet":"max-snippet:-1","max-image-preview":"max-image-preview:large","max-video-preview":"max-video-preview:-1"},"canonical":"https:\/\/thebestvintage.fr\/en\/produit\/famille-isabelle-ferrando-clos-beatus-ille-2024\/","og_locale":"en_US","og_type":"article","og_title":"Famille Ferrando Clos Beatus Ille 2024 \u00e0 Prix Propri\u00e9t\u00e9!","og_description":"Clos Beatus Ille 2024 d\u2019Isabel Ferrando est un C\u00f4tes du Rh\u00f4ne \u00e9l\u00e9gant, frais et pr\u00e9cis aux notes de fruits rouges et garrigue.","og_url":"https:\/\/thebestvintage.fr\/en\/produit\/famille-isabelle-ferrando-clos-beatus-ille-2024\/","og_site_name":"Best Vintage","article_publisher":"https:\/\/www.facebook.com\/thebestvintage84\/","article_modified_time":"2026-03-17T10:45:49+00:00","og_image":[{"width":1000,"height":1000,"url":"https:\/\/thebestvintage.fr\/wp-content\/uploads\/2023\/09\/beatus-ille-ferrando.jpg","type":"image\/jpeg"}],"twitter_card":"summary_large_image","twitter_misc":{"Est. reading time":"2 minutes"},"schema":{"@context":"https:\/\/schema.org","@graph":[{"@type":"WebPage","@id":"https:\/\/thebestvintage.fr\/en\/produit\/famille-isabelle-ferrando-clos-beatus-ille-2024\/","url":"https:\/\/thebestvintage.fr\/en\/produit\/famille-isabelle-ferrando-clos-beatus-ille-2024\/","name":"Famille Ferrando Clos Beatus Ille 2024 \u00e0 Prix Propri\u00e9t\u00e9!","isPartOf":{"@id":"https:\/\/thebestvintage.fr\/en\/#website"},"primaryImageOfPage":{"@id":"https:\/\/thebestvintage.fr\/en\/produit\/famille-isabelle-ferrando-clos-beatus-ille-2024\/#primaryimage"},"image":{"@id":"https:\/\/thebestvintage.fr\/en\/produit\/famille-isabelle-ferrando-clos-beatus-ille-2024\/#primaryimage"},"thumbnailUrl":"https:\/\/thebestvintage.fr\/wp-content\/uploads\/2023\/09\/beatus-ille-ferrando.jpg","datePublished":"2025-01-10T15:54:59+00:00","dateModified":"2026-03-17T10:45:49+00:00","description":"Clos Beatus Ille 2024 d\u2019Isabel Ferrando est un C\u00f4tes du Rh\u00f4ne \u00e9l\u00e9gant, frais et pr\u00e9cis aux notes de fruits rouges et garrigue.","breadcrumb":{"@id":"https:\/\/thebestvintage.fr\/en\/produit\/famille-isabelle-ferrando-clos-beatus-ille-2024\/#breadcrumb"},"inLanguage":"en-US","potentialAction":[{"@type":"ReadAction","target":["https:\/\/thebestvintage.fr\/en\/produit\/famille-isabelle-ferrando-clos-beatus-ille-2024\/"]}]},{"@type":"ImageObject","inLanguage":"en-US","@id":"https:\/\/thebestvintage.fr\/en\/produit\/famille-isabelle-ferrando-clos-beatus-ille-2024\/#primaryimage","url":"https:\/\/thebestvintage.fr\/wp-content\/uploads\/2023\/09\/beatus-ille-ferrando.jpg","contentUrl":"https:\/\/thebestvintage.fr\/wp-content\/uploads\/2023\/09\/beatus-ille-ferrando.jpg","width":1000,"height":1000,"caption":"Isabel Ferrando Beatus Ille 2023"},{"@type":"BreadcrumbList","@id":"https:\/\/thebestvintage.fr\/en\/produit\/famille-isabelle-ferrando-clos-beatus-ille-2024\/#breadcrumb","itemListElement":[{"@type":"ListItem","position":1,"name":"Accueil","item":"https:\/\/thebestvintage.fr\/en\/"},{"@type":"ListItem","position":2,"name":"Choose your wine","item":"https:\/\/thebestvintage.fr\/en\/choose-your-wine\/"},{"@type":"ListItem","position":3,"name":"Famille Isabel Ferrando Clos Beatus Ille red 2024"}]},{"@type":"WebSite","@id":"https:\/\/thebestvintage.fr\/en\/#website","url":"https:\/\/thebestvintage.fr\/en\/","name":"Best Vintage","description":"Le caviste de Ch\u00e2teauneuf du Pape","publisher":{"@id":"https:\/\/thebestvintage.fr\/en\/#organization"},"potentialAction":[{"@type":"SearchAction","target":{"@type":"EntryPoint","urlTemplate":"https:\/\/thebestvintage.fr\/en\/?s={search_term_string}"},"query-input":{"@type":"PropertyValueSpecification","valueRequired":true,"valueName":"search_term_string"}}],"inLanguage":"en-US"},{"@type":"Organization","@id":"https:\/\/thebestvintage.fr\/en\/#organization","name":"Best Vintage","url":"https:\/\/thebestvintage.fr\/en\/","logo":{"@type":"ImageObject","inLanguage":"en-US","@id":"https:\/\/thebestvintage.fr\/en\/#\/schema\/logo\/image\/","url":"https:\/\/thebestvintage.fr\/\/wp-content\/uploads\/2024\/01\/logo-yiast.jpg","contentUrl":"https:\/\/thebestvintage.fr\/\/wp-content\/uploads\/2024\/01\/logo-yiast.jpg","width":696,"height":696,"caption":"Best Vintage"},"image":{"@id":"https:\/\/thebestvintage.fr\/en\/#\/schema\/logo\/image\/"},"sameAs":["https:\/\/www.facebook.com\/thebestvintage84\/","https:\/\/www.instagram.com\/wine_bestvintage\/"]}]}},"_links":{"self":[{"href":"https:\/\/thebestvintage.fr\/en\/wp-json\/wp\/v2\/product\/11558","targetHints":{"allow":["GET"]}}],"collection":[{"href":"https:\/\/thebestvintage.fr\/en\/wp-json\/wp\/v2\/product"}],"about":[{"href":"https:\/\/thebestvintage.fr\/en\/wp-json\/wp\/v2\/types\/product"}],"wp:featuredmedia":[{"embeddable":true,"href":"https:\/\/thebestvintage.fr\/en\/wp-json\/wp\/v2\/media\/2943"}],"wp:attachment":[{"href":"https:\/\/thebestvintage.fr\/en\/wp-json\/wp\/v2\/media?parent=11558"}],"wp:term":[{"taxonomy":"product_brand","embeddable":true,"href":"https:\/\/thebestvintage.fr\/en\/wp-json\/wp\/v2\/product_brand?post=11558"},{"taxonomy":"product_cat","embeddable":true,"href":"https:\/\/thebestvintage.fr\/en\/wp-json\/wp\/v2\/product_cat?post=11558"},{"taxonomy":"product_tag","embeddable":true,"href":"https:\/\/thebestvintage.fr\/en\/wp-json\/wp\/v2\/product_tag?post=11558"}],"curies":[{"name":"wp","href":"https:\/\/api.w.org\/{rel}","templated":true}]}}