{"id":13040,"date":"2025-01-28T13:14:53","date_gmt":"2025-01-28T12:14:53","guid":{"rendered":"https:\/\/thebestvintage.fr\/\/?post_type=product&#038;p=13040"},"modified":"2025-11-28T15:50:41","modified_gmt":"2025-11-28T14:50:41","slug":"chateau-de-la-font-du-loup-chateauneuf-du-pape-legend-2022","status":"publish","type":"product","link":"https:\/\/thebestvintage.fr\/en\/produit\/chateau-de-la-font-du-loup-chateauneuf-du-pape-legend-2022\/","title":{"rendered":"La Font Du Loup Chateauneuf Du Pape Legend 2022"},"content":{"rendered":"<p>The Legend 2022 from Ch\u00e2teau de la Font du Loup is a rare and precious cuv\u00e9e, produced in only 83 cases. Dominated by Mourv\u00e8dre (70%) and complemented by 30% Grenache, this vintage benefits from meticulous aging in demi-muids, with some foudres and a touch of new oak.<br \/>Its deep ruby hue precedes an intense nose where spiced red and black fruits intertwine with peppered garrigue and crushed stone, evolving into delicate floral notes with aeration. On the palate, this wine delivers a silky texture, refined elegance, and remarkable precision, with an enchanting length. A Ch\u00e2teauneuf-du-Pape that is both powerful and harmonious, it will gain in complexity after 2 to 4 years of aging and will shine for over a decade. A true rarity not to be missed!     <\/p>\n","protected":false},"excerpt":{"rendered":"<p style=\"text-align: center;\">Treat yourself to Legend 2022, a powerful and refined Ch\u00e2teauneuf-du-Pape, produced in only 1,000 bottles. An exceptional, rare, and sought-after wine, now available at estate price.<\/p>\n","protected":false},"featured_media":13034,"template":"","meta":{"_acf_changed":false,"_et_pb_use_builder":"","_et_pb_old_content":"","_et_gb_content_width":""},"product_brand":[],"product_cat":[143,330,296],"product_tag":[],"class_list":{"0":"post-13040","1":"product","2":"type-product","3":"status-publish","4":"has-post-thumbnail","6":"product_cat-domaine-de-la-font-du-loup-chateauneuf-du-pape-en-2","7":"product_cat-vins-chateauneuf-du-pape-en-2","8":"product_cat-organic-wine","10":"first","11":"instock","12":"taxable","13":"shipping-taxable","14":"purchasable","15":"product-type-simple","16":"add-to-wishlist-after_add_to_cart"},"acf":[],"yoast_head":"<!-- This site is optimized with the Yoast SEO plugin v27.5 - https:\/\/yoast.com\/product\/yoast-seo-wordpress\/ -->\n<title>La Font Du Loup - Chateauneuf Du Pape - Legend 2022<\/title>\n<meta name=\"description\" content=\"Treat yourself to Le Puy Rolland 2019, a 100% Grenache Ch\u00e2teauneuf-du-Pape of exceptional finesse. Limited edition, rare elegance, now available at estate price.\" \/>\n<meta name=\"robots\" content=\"index, follow, max-snippet:-1, max-image-preview:large, max-video-preview:-1\" \/>\n<link rel=\"canonical\" href=\"https:\/\/thebestvintage.fr\/en\/produit\/chateau-de-la-font-du-loup-chateauneuf-du-pape-legend-2022\/\" \/>\n<meta property=\"og:locale\" content=\"en_US\" \/>\n<meta property=\"og:type\" content=\"article\" \/>\n<meta property=\"og:title\" content=\"La Font Du Loup - Chateauneuf Du Pape - Legend 2022\" \/>\n<meta property=\"og:description\" content=\"Treat yourself to Le Puy Rolland 2019, a 100% Grenache Ch\u00e2teauneuf-du-Pape of exceptional finesse. Limited edition, rare elegance, now available at estate price.\" \/>\n<meta property=\"og:url\" content=\"https:\/\/thebestvintage.fr\/en\/produit\/chateau-de-la-font-du-loup-chateauneuf-du-pape-legend-2022\/\" \/>\n<meta property=\"og:site_name\" content=\"Best Vintage\" \/>\n<meta property=\"article:publisher\" content=\"https:\/\/www.facebook.com\/thebestvintage84\/\" \/>\n<meta property=\"article:modified_time\" content=\"2025-11-28T14:50:41+00:00\" \/>\n<meta property=\"og:image\" content=\"https:\/\/thebestvintage.fr\/wp-content\/uploads\/2025\/01\/legend.jpg\" \/>\n\t<meta property=\"og:image:width\" content=\"1000\" \/>\n\t<meta property=\"og:image:height\" content=\"1000\" \/>\n\t<meta property=\"og:image:type\" content=\"image\/jpeg\" \/>\n<meta name=\"twitter:card\" content=\"summary_large_image\" \/>\n<meta name=\"twitter:label1\" content=\"Est. reading time\" \/>\n\t<meta name=\"twitter:data1\" content=\"1 minute\" \/>\n<script type=\"application\/ld+json\" class=\"yoast-schema-graph\">{\"@context\":\"https:\\\/\\\/schema.org\",\"@graph\":[{\"@type\":\"WebPage\",\"@id\":\"https:\\\/\\\/thebestvintage.fr\\\/en\\\/produit\\\/chateau-de-la-font-du-loup-chateauneuf-du-pape-legend-2022\\\/\",\"url\":\"https:\\\/\\\/thebestvintage.fr\\\/en\\\/produit\\\/chateau-de-la-font-du-loup-chateauneuf-du-pape-legend-2022\\\/\",\"name\":\"La Font Du Loup - Chateauneuf Du Pape - Legend 2022\",\"isPartOf\":{\"@id\":\"https:\\\/\\\/thebestvintage.fr\\\/en\\\/#website\"},\"primaryImageOfPage\":{\"@id\":\"https:\\\/\\\/thebestvintage.fr\\\/en\\\/produit\\\/chateau-de-la-font-du-loup-chateauneuf-du-pape-legend-2022\\\/#primaryimage\"},\"image\":{\"@id\":\"https:\\\/\\\/thebestvintage.fr\\\/en\\\/produit\\\/chateau-de-la-font-du-loup-chateauneuf-du-pape-legend-2022\\\/#primaryimage\"},\"thumbnailUrl\":\"https:\\\/\\\/thebestvintage.fr\\\/wp-content\\\/uploads\\\/2025\\\/01\\\/legend.jpg\",\"datePublished\":\"2025-01-28T12:14:53+00:00\",\"dateModified\":\"2025-11-28T14:50:41+00:00\",\"description\":\"Treat yourself to Le Puy Rolland 2019, a 100% Grenache Ch\u00e2teauneuf-du-Pape of exceptional finesse. Limited edition, rare elegance, now available at estate price.\",\"breadcrumb\":{\"@id\":\"https:\\\/\\\/thebestvintage.fr\\\/en\\\/produit\\\/chateau-de-la-font-du-loup-chateauneuf-du-pape-legend-2022\\\/#breadcrumb\"},\"inLanguage\":\"en-US\",\"potentialAction\":[{\"@type\":\"ReadAction\",\"target\":[\"https:\\\/\\\/thebestvintage.fr\\\/en\\\/produit\\\/chateau-de-la-font-du-loup-chateauneuf-du-pape-legend-2022\\\/\"]}]},{\"@type\":\"ImageObject\",\"inLanguage\":\"en-US\",\"@id\":\"https:\\\/\\\/thebestvintage.fr\\\/en\\\/produit\\\/chateau-de-la-font-du-loup-chateauneuf-du-pape-legend-2022\\\/#primaryimage\",\"url\":\"https:\\\/\\\/thebestvintage.fr\\\/wp-content\\\/uploads\\\/2025\\\/01\\\/legend.jpg\",\"contentUrl\":\"https:\\\/\\\/thebestvintage.fr\\\/wp-content\\\/uploads\\\/2025\\\/01\\\/legend.jpg\",\"width\":1000,\"height\":1000,\"caption\":\"2022 Chateau De La Font Du Loup Chateauneuf Du Pape Legend\"},{\"@type\":\"BreadcrumbList\",\"@id\":\"https:\\\/\\\/thebestvintage.fr\\\/en\\\/produit\\\/chateau-de-la-font-du-loup-chateauneuf-du-pape-legend-2022\\\/#breadcrumb\",\"itemListElement\":[{\"@type\":\"ListItem\",\"position\":1,\"name\":\"Accueil\",\"item\":\"https:\\\/\\\/thebestvintage.fr\\\/en\\\/\"},{\"@type\":\"ListItem\",\"position\":2,\"name\":\"Choose your wine\",\"item\":\"https:\\\/\\\/thebestvintage.fr\\\/en\\\/choose-your-wine\\\/\"},{\"@type\":\"ListItem\",\"position\":3,\"name\":\"La Font Du Loup Chateauneuf Du Pape Legend 2022\"}]},{\"@type\":\"WebSite\",\"@id\":\"https:\\\/\\\/thebestvintage.fr\\\/en\\\/#website\",\"url\":\"https:\\\/\\\/thebestvintage.fr\\\/en\\\/\",\"name\":\"Best Vintage\",\"description\":\"Le caviste de Ch\u00e2teauneuf du Pape\",\"publisher\":{\"@id\":\"https:\\\/\\\/thebestvintage.fr\\\/en\\\/#organization\"},\"potentialAction\":[{\"@type\":\"SearchAction\",\"target\":{\"@type\":\"EntryPoint\",\"urlTemplate\":\"https:\\\/\\\/thebestvintage.fr\\\/en\\\/?s={search_term_string}\"},\"query-input\":{\"@type\":\"PropertyValueSpecification\",\"valueRequired\":true,\"valueName\":\"search_term_string\"}}],\"inLanguage\":\"en-US\"},{\"@type\":\"Organization\",\"@id\":\"https:\\\/\\\/thebestvintage.fr\\\/en\\\/#organization\",\"name\":\"Best Vintage\",\"url\":\"https:\\\/\\\/thebestvintage.fr\\\/en\\\/\",\"logo\":{\"@type\":\"ImageObject\",\"inLanguage\":\"en-US\",\"@id\":\"https:\\\/\\\/thebestvintage.fr\\\/en\\\/#\\\/schema\\\/logo\\\/image\\\/\",\"url\":\"https:\\\/\\\/thebestvintage.fr\\\/\\\/wp-content\\\/uploads\\\/2024\\\/01\\\/logo-yiast.jpg\",\"contentUrl\":\"https:\\\/\\\/thebestvintage.fr\\\/\\\/wp-content\\\/uploads\\\/2024\\\/01\\\/logo-yiast.jpg\",\"width\":696,\"height\":696,\"caption\":\"Best Vintage\"},\"image\":{\"@id\":\"https:\\\/\\\/thebestvintage.fr\\\/en\\\/#\\\/schema\\\/logo\\\/image\\\/\"},\"sameAs\":[\"https:\\\/\\\/www.facebook.com\\\/thebestvintage84\\\/\",\"https:\\\/\\\/www.instagram.com\\\/wine_bestvintage\\\/\"]}]}<\/script>\n<!-- \/ Yoast SEO plugin. -->","yoast_head_json":{"title":"La Font Du Loup - Chateauneuf Du Pape - Legend 2022","description":"Treat yourself to Le Puy Rolland 2019, a 100% Grenache Ch\u00e2teauneuf-du-Pape of exceptional finesse. Limited edition, rare elegance, now available at estate price.","robots":{"index":"index","follow":"follow","max-snippet":"max-snippet:-1","max-image-preview":"max-image-preview:large","max-video-preview":"max-video-preview:-1"},"canonical":"https:\/\/thebestvintage.fr\/en\/produit\/chateau-de-la-font-du-loup-chateauneuf-du-pape-legend-2022\/","og_locale":"en_US","og_type":"article","og_title":"La Font Du Loup - Chateauneuf Du Pape - Legend 2022","og_description":"Treat yourself to Le Puy Rolland 2019, a 100% Grenache Ch\u00e2teauneuf-du-Pape of exceptional finesse. Limited edition, rare elegance, now available at estate price.","og_url":"https:\/\/thebestvintage.fr\/en\/produit\/chateau-de-la-font-du-loup-chateauneuf-du-pape-legend-2022\/","og_site_name":"Best Vintage","article_publisher":"https:\/\/www.facebook.com\/thebestvintage84\/","article_modified_time":"2025-11-28T14:50:41+00:00","og_image":[{"width":1000,"height":1000,"url":"https:\/\/thebestvintage.fr\/wp-content\/uploads\/2025\/01\/legend.jpg","type":"image\/jpeg"}],"twitter_card":"summary_large_image","twitter_misc":{"Est. reading time":"1 minute"},"schema":{"@context":"https:\/\/schema.org","@graph":[{"@type":"WebPage","@id":"https:\/\/thebestvintage.fr\/en\/produit\/chateau-de-la-font-du-loup-chateauneuf-du-pape-legend-2022\/","url":"https:\/\/thebestvintage.fr\/en\/produit\/chateau-de-la-font-du-loup-chateauneuf-du-pape-legend-2022\/","name":"La Font Du Loup - Chateauneuf Du Pape - Legend 2022","isPartOf":{"@id":"https:\/\/thebestvintage.fr\/en\/#website"},"primaryImageOfPage":{"@id":"https:\/\/thebestvintage.fr\/en\/produit\/chateau-de-la-font-du-loup-chateauneuf-du-pape-legend-2022\/#primaryimage"},"image":{"@id":"https:\/\/thebestvintage.fr\/en\/produit\/chateau-de-la-font-du-loup-chateauneuf-du-pape-legend-2022\/#primaryimage"},"thumbnailUrl":"https:\/\/thebestvintage.fr\/wp-content\/uploads\/2025\/01\/legend.jpg","datePublished":"2025-01-28T12:14:53+00:00","dateModified":"2025-11-28T14:50:41+00:00","description":"Treat yourself to Le Puy Rolland 2019, a 100% Grenache Ch\u00e2teauneuf-du-Pape of exceptional finesse. Limited edition, rare elegance, now available at estate price.","breadcrumb":{"@id":"https:\/\/thebestvintage.fr\/en\/produit\/chateau-de-la-font-du-loup-chateauneuf-du-pape-legend-2022\/#breadcrumb"},"inLanguage":"en-US","potentialAction":[{"@type":"ReadAction","target":["https:\/\/thebestvintage.fr\/en\/produit\/chateau-de-la-font-du-loup-chateauneuf-du-pape-legend-2022\/"]}]},{"@type":"ImageObject","inLanguage":"en-US","@id":"https:\/\/thebestvintage.fr\/en\/produit\/chateau-de-la-font-du-loup-chateauneuf-du-pape-legend-2022\/#primaryimage","url":"https:\/\/thebestvintage.fr\/wp-content\/uploads\/2025\/01\/legend.jpg","contentUrl":"https:\/\/thebestvintage.fr\/wp-content\/uploads\/2025\/01\/legend.jpg","width":1000,"height":1000,"caption":"2022 Chateau De La Font Du Loup Chateauneuf Du Pape Legend"},{"@type":"BreadcrumbList","@id":"https:\/\/thebestvintage.fr\/en\/produit\/chateau-de-la-font-du-loup-chateauneuf-du-pape-legend-2022\/#breadcrumb","itemListElement":[{"@type":"ListItem","position":1,"name":"Accueil","item":"https:\/\/thebestvintage.fr\/en\/"},{"@type":"ListItem","position":2,"name":"Choose your wine","item":"https:\/\/thebestvintage.fr\/en\/choose-your-wine\/"},{"@type":"ListItem","position":3,"name":"La Font Du Loup Chateauneuf Du Pape Legend 2022"}]},{"@type":"WebSite","@id":"https:\/\/thebestvintage.fr\/en\/#website","url":"https:\/\/thebestvintage.fr\/en\/","name":"Best Vintage","description":"Le caviste de Ch\u00e2teauneuf du Pape","publisher":{"@id":"https:\/\/thebestvintage.fr\/en\/#organization"},"potentialAction":[{"@type":"SearchAction","target":{"@type":"EntryPoint","urlTemplate":"https:\/\/thebestvintage.fr\/en\/?s={search_term_string}"},"query-input":{"@type":"PropertyValueSpecification","valueRequired":true,"valueName":"search_term_string"}}],"inLanguage":"en-US"},{"@type":"Organization","@id":"https:\/\/thebestvintage.fr\/en\/#organization","name":"Best Vintage","url":"https:\/\/thebestvintage.fr\/en\/","logo":{"@type":"ImageObject","inLanguage":"en-US","@id":"https:\/\/thebestvintage.fr\/en\/#\/schema\/logo\/image\/","url":"https:\/\/thebestvintage.fr\/\/wp-content\/uploads\/2024\/01\/logo-yiast.jpg","contentUrl":"https:\/\/thebestvintage.fr\/\/wp-content\/uploads\/2024\/01\/logo-yiast.jpg","width":696,"height":696,"caption":"Best Vintage"},"image":{"@id":"https:\/\/thebestvintage.fr\/en\/#\/schema\/logo\/image\/"},"sameAs":["https:\/\/www.facebook.com\/thebestvintage84\/","https:\/\/www.instagram.com\/wine_bestvintage\/"]}]}},"_links":{"self":[{"href":"https:\/\/thebestvintage.fr\/en\/wp-json\/wp\/v2\/product\/13040","targetHints":{"allow":["GET"]}}],"collection":[{"href":"https:\/\/thebestvintage.fr\/en\/wp-json\/wp\/v2\/product"}],"about":[{"href":"https:\/\/thebestvintage.fr\/en\/wp-json\/wp\/v2\/types\/product"}],"wp:featuredmedia":[{"embeddable":true,"href":"https:\/\/thebestvintage.fr\/en\/wp-json\/wp\/v2\/media\/13034"}],"wp:attachment":[{"href":"https:\/\/thebestvintage.fr\/en\/wp-json\/wp\/v2\/media?parent=13040"}],"wp:term":[{"taxonomy":"product_brand","embeddable":true,"href":"https:\/\/thebestvintage.fr\/en\/wp-json\/wp\/v2\/product_brand?post=13040"},{"taxonomy":"product_cat","embeddable":true,"href":"https:\/\/thebestvintage.fr\/en\/wp-json\/wp\/v2\/product_cat?post=13040"},{"taxonomy":"product_tag","embeddable":true,"href":"https:\/\/thebestvintage.fr\/en\/wp-json\/wp\/v2\/product_tag?post=13040"}],"curies":[{"name":"wp","href":"https:\/\/api.w.org\/{rel}","templated":true}]}}