{"id":16404,"date":"2025-03-05T12:36:38","date_gmt":"2025-03-05T11:36:38","guid":{"rendered":"https:\/\/thebestvintage.fr\/\/?post_type=product&#038;p=16404"},"modified":"2026-04-15T12:25:20","modified_gmt":"2026-04-15T10:25:20","slug":"domaine-la-barroche-chateauneuf-du-pape-cuvee-julien-barrot-2023","status":"publish","type":"product","link":"https:\/\/thebestvintage.fr\/en\/produit\/domaine-la-barroche-chateauneuf-du-pape-cuvee-julien-barrot-2023\/","title":{"rendered":"Domaine La Barroche Chateauneuf du Pape Cuvee Julien Barrot red 2023"},"content":{"rendered":"<p>The Ch\u00e2teauneuf-du-Pape Cuv\u00e9e Julien Barrot 2023 is also superb. Made from 63% Grenache, 13% Mourv\u00e8dre, 11% Syrah, 7% Counoise, 5% Cinsault and the rest partially de-stemmed Clairette Rose, it boasts a deeper ruby\/purple color, followed by gorgeous aromas of ripe black cherries, resinous garrigue, licorice and chalky minerality. Although not massive, it offers a lovely sense of concentration and depth on the mid-palate, with ripe, polished tannins and near-perfect balance. A superb 2022, it will benefit from 2-4 years of bottle age and will develop over the next ten years and beyond.   <\/p>\n","protected":false},"excerpt":{"rendered":"<p>Domaine La Barroche Cuv\u00e9e Julien Barrot 2023 is an essential Ch\u00e2teauneuf-du-Pape, combining tradition and modernity. Its blend, dominated by Grenache and complemented by Syrah and Mourv\u00e8dre, gives it remarkable aromatic intensity and great depth. Its careful aging allows it to fully express its terroir, offering a wine that is both powerful, harmonious, and with excellent aging potential. Ideal with roasted meats, game, or dishes in sauce, it will appeal to Rh\u00f4ne wine lovers with its complexity and refined structure.   <\/p>\n","protected":false},"featured_media":16406,"template":"","meta":{"_acf_changed":false,"_et_pb_use_builder":"","_et_pb_old_content":"","_et_gb_content_width":""},"product_brand":[],"product_cat":[231],"product_tag":[],"class_list":{"0":"post-16404","1":"product","2":"type-product","3":"status-publish","4":"has-post-thumbnail","6":"product_cat-domaine-la-barroche-chateauneuf-du-pape-en-2","8":"first","9":"instock","10":"taxable","11":"shipping-taxable","12":"purchasable","13":"product-type-simple","14":"add-to-wishlist-after_add_to_cart"},"acf":[],"yoast_head":"<!-- This site is optimized with the Yoast SEO plugin v27.5 - https:\/\/yoast.com\/product\/yoast-seo-wordpress\/ -->\n<title>La Barroche Cuv\u00e9e Julien Barrot 2023, an intense Ch\u00e2teauneuf-du-Pape<\/title>\n<meta name=\"description\" content=\"Domaine La Barroche Ch\u00e2teauneuf-du-Pape Cuv\u00e9e Julien Barrot 2023, a powerful and elegant wine with notes of black fruits, spices, and garrigue.\" \/>\n<meta name=\"robots\" content=\"index, follow, max-snippet:-1, max-image-preview:large, max-video-preview:-1\" \/>\n<link rel=\"canonical\" href=\"https:\/\/thebestvintage.fr\/en\/produit\/domaine-la-barroche-chateauneuf-du-pape-cuvee-julien-barrot-2023\/\" \/>\n<meta property=\"og:locale\" content=\"en_US\" \/>\n<meta property=\"og:type\" content=\"article\" \/>\n<meta property=\"og:title\" content=\"La Barroche Cuv\u00e9e Julien Barrot 2023, an intense Ch\u00e2teauneuf-du-Pape\" \/>\n<meta property=\"og:description\" content=\"Domaine La Barroche Ch\u00e2teauneuf-du-Pape Cuv\u00e9e Julien Barrot 2023, a powerful and elegant wine with notes of black fruits, spices, and garrigue.\" \/>\n<meta property=\"og:url\" content=\"https:\/\/thebestvintage.fr\/en\/produit\/domaine-la-barroche-chateauneuf-du-pape-cuvee-julien-barrot-2023\/\" \/>\n<meta property=\"og:site_name\" content=\"Best Vintage\" \/>\n<meta property=\"article:publisher\" content=\"https:\/\/www.facebook.com\/thebestvintage84\/\" \/>\n<meta property=\"article:modified_time\" content=\"2026-04-15T10:25:20+00:00\" \/>\n<meta property=\"og:image\" content=\"https:\/\/thebestvintage.fr\/wp-content\/uploads\/2025\/03\/BARROCHE-2022.jpg\" \/>\n\t<meta property=\"og:image:width\" content=\"1000\" \/>\n\t<meta property=\"og:image:height\" content=\"1000\" \/>\n\t<meta property=\"og:image:type\" content=\"image\/jpeg\" \/>\n<meta name=\"twitter:card\" content=\"summary_large_image\" \/>\n<meta name=\"twitter:label1\" content=\"Est. reading time\" \/>\n\t<meta name=\"twitter:data1\" content=\"1 minute\" \/>\n<script type=\"application\/ld+json\" class=\"yoast-schema-graph\">{\"@context\":\"https:\\\/\\\/schema.org\",\"@graph\":[{\"@type\":\"WebPage\",\"@id\":\"https:\\\/\\\/thebestvintage.fr\\\/en\\\/produit\\\/domaine-la-barroche-chateauneuf-du-pape-cuvee-julien-barrot-2023\\\/\",\"url\":\"https:\\\/\\\/thebestvintage.fr\\\/en\\\/produit\\\/domaine-la-barroche-chateauneuf-du-pape-cuvee-julien-barrot-2023\\\/\",\"name\":\"La Barroche Cuv\u00e9e Julien Barrot 2023, an intense Ch\u00e2teauneuf-du-Pape\",\"isPartOf\":{\"@id\":\"https:\\\/\\\/thebestvintage.fr\\\/en\\\/#website\"},\"primaryImageOfPage\":{\"@id\":\"https:\\\/\\\/thebestvintage.fr\\\/en\\\/produit\\\/domaine-la-barroche-chateauneuf-du-pape-cuvee-julien-barrot-2023\\\/#primaryimage\"},\"image\":{\"@id\":\"https:\\\/\\\/thebestvintage.fr\\\/en\\\/produit\\\/domaine-la-barroche-chateauneuf-du-pape-cuvee-julien-barrot-2023\\\/#primaryimage\"},\"thumbnailUrl\":\"https:\\\/\\\/thebestvintage.fr\\\/wp-content\\\/uploads\\\/2025\\\/03\\\/BARROCHE-2022.jpg\",\"datePublished\":\"2025-03-05T11:36:38+00:00\",\"dateModified\":\"2026-04-15T10:25:20+00:00\",\"description\":\"Domaine La Barroche Ch\u00e2teauneuf-du-Pape Cuv\u00e9e Julien Barrot 2023, a powerful and elegant wine with notes of black fruits, spices, and garrigue.\",\"breadcrumb\":{\"@id\":\"https:\\\/\\\/thebestvintage.fr\\\/en\\\/produit\\\/domaine-la-barroche-chateauneuf-du-pape-cuvee-julien-barrot-2023\\\/#breadcrumb\"},\"inLanguage\":\"en-US\",\"potentialAction\":[{\"@type\":\"ReadAction\",\"target\":[\"https:\\\/\\\/thebestvintage.fr\\\/en\\\/produit\\\/domaine-la-barroche-chateauneuf-du-pape-cuvee-julien-barrot-2023\\\/\"]}]},{\"@type\":\"ImageObject\",\"inLanguage\":\"en-US\",\"@id\":\"https:\\\/\\\/thebestvintage.fr\\\/en\\\/produit\\\/domaine-la-barroche-chateauneuf-du-pape-cuvee-julien-barrot-2023\\\/#primaryimage\",\"url\":\"https:\\\/\\\/thebestvintage.fr\\\/wp-content\\\/uploads\\\/2025\\\/03\\\/BARROCHE-2022.jpg\",\"contentUrl\":\"https:\\\/\\\/thebestvintage.fr\\\/wp-content\\\/uploads\\\/2025\\\/03\\\/BARROCHE-2022.jpg\",\"width\":1000,\"height\":1000,\"caption\":\"2022 Domaine La Barroche Chateauneuf Du Pape Cuvee Julien Barrot\"},{\"@type\":\"BreadcrumbList\",\"@id\":\"https:\\\/\\\/thebestvintage.fr\\\/en\\\/produit\\\/domaine-la-barroche-chateauneuf-du-pape-cuvee-julien-barrot-2023\\\/#breadcrumb\",\"itemListElement\":[{\"@type\":\"ListItem\",\"position\":1,\"name\":\"Accueil\",\"item\":\"https:\\\/\\\/thebestvintage.fr\\\/en\\\/\"},{\"@type\":\"ListItem\",\"position\":2,\"name\":\"Choose your wine\",\"item\":\"https:\\\/\\\/thebestvintage.fr\\\/en\\\/choose-your-wine\\\/\"},{\"@type\":\"ListItem\",\"position\":3,\"name\":\"Domaine La Barroche Chateauneuf du Pape Cuvee Julien Barrot red 2023\"}]},{\"@type\":\"WebSite\",\"@id\":\"https:\\\/\\\/thebestvintage.fr\\\/en\\\/#website\",\"url\":\"https:\\\/\\\/thebestvintage.fr\\\/en\\\/\",\"name\":\"Best Vintage\",\"description\":\"Le caviste de Ch\u00e2teauneuf du Pape\",\"publisher\":{\"@id\":\"https:\\\/\\\/thebestvintage.fr\\\/en\\\/#organization\"},\"potentialAction\":[{\"@type\":\"SearchAction\",\"target\":{\"@type\":\"EntryPoint\",\"urlTemplate\":\"https:\\\/\\\/thebestvintage.fr\\\/en\\\/?s={search_term_string}\"},\"query-input\":{\"@type\":\"PropertyValueSpecification\",\"valueRequired\":true,\"valueName\":\"search_term_string\"}}],\"inLanguage\":\"en-US\"},{\"@type\":\"Organization\",\"@id\":\"https:\\\/\\\/thebestvintage.fr\\\/en\\\/#organization\",\"name\":\"Best Vintage\",\"url\":\"https:\\\/\\\/thebestvintage.fr\\\/en\\\/\",\"logo\":{\"@type\":\"ImageObject\",\"inLanguage\":\"en-US\",\"@id\":\"https:\\\/\\\/thebestvintage.fr\\\/en\\\/#\\\/schema\\\/logo\\\/image\\\/\",\"url\":\"https:\\\/\\\/thebestvintage.fr\\\/\\\/wp-content\\\/uploads\\\/2024\\\/01\\\/logo-yiast.jpg\",\"contentUrl\":\"https:\\\/\\\/thebestvintage.fr\\\/\\\/wp-content\\\/uploads\\\/2024\\\/01\\\/logo-yiast.jpg\",\"width\":696,\"height\":696,\"caption\":\"Best Vintage\"},\"image\":{\"@id\":\"https:\\\/\\\/thebestvintage.fr\\\/en\\\/#\\\/schema\\\/logo\\\/image\\\/\"},\"sameAs\":[\"https:\\\/\\\/www.facebook.com\\\/thebestvintage84\\\/\",\"https:\\\/\\\/www.instagram.com\\\/wine_bestvintage\\\/\"]}]}<\/script>\n<!-- \/ Yoast SEO plugin. -->","yoast_head_json":{"title":"La Barroche Cuv\u00e9e Julien Barrot 2023, an intense Ch\u00e2teauneuf-du-Pape","description":"Domaine La Barroche Ch\u00e2teauneuf-du-Pape Cuv\u00e9e Julien Barrot 2023, a powerful and elegant wine with notes of black fruits, spices, and garrigue.","robots":{"index":"index","follow":"follow","max-snippet":"max-snippet:-1","max-image-preview":"max-image-preview:large","max-video-preview":"max-video-preview:-1"},"canonical":"https:\/\/thebestvintage.fr\/en\/produit\/domaine-la-barroche-chateauneuf-du-pape-cuvee-julien-barrot-2023\/","og_locale":"en_US","og_type":"article","og_title":"La Barroche Cuv\u00e9e Julien Barrot 2023, an intense Ch\u00e2teauneuf-du-Pape","og_description":"Domaine La Barroche Ch\u00e2teauneuf-du-Pape Cuv\u00e9e Julien Barrot 2023, a powerful and elegant wine with notes of black fruits, spices, and garrigue.","og_url":"https:\/\/thebestvintage.fr\/en\/produit\/domaine-la-barroche-chateauneuf-du-pape-cuvee-julien-barrot-2023\/","og_site_name":"Best Vintage","article_publisher":"https:\/\/www.facebook.com\/thebestvintage84\/","article_modified_time":"2026-04-15T10:25:20+00:00","og_image":[{"width":1000,"height":1000,"url":"https:\/\/thebestvintage.fr\/wp-content\/uploads\/2025\/03\/BARROCHE-2022.jpg","type":"image\/jpeg"}],"twitter_card":"summary_large_image","twitter_misc":{"Est. reading time":"1 minute"},"schema":{"@context":"https:\/\/schema.org","@graph":[{"@type":"WebPage","@id":"https:\/\/thebestvintage.fr\/en\/produit\/domaine-la-barroche-chateauneuf-du-pape-cuvee-julien-barrot-2023\/","url":"https:\/\/thebestvintage.fr\/en\/produit\/domaine-la-barroche-chateauneuf-du-pape-cuvee-julien-barrot-2023\/","name":"La Barroche Cuv\u00e9e Julien Barrot 2023, an intense Ch\u00e2teauneuf-du-Pape","isPartOf":{"@id":"https:\/\/thebestvintage.fr\/en\/#website"},"primaryImageOfPage":{"@id":"https:\/\/thebestvintage.fr\/en\/produit\/domaine-la-barroche-chateauneuf-du-pape-cuvee-julien-barrot-2023\/#primaryimage"},"image":{"@id":"https:\/\/thebestvintage.fr\/en\/produit\/domaine-la-barroche-chateauneuf-du-pape-cuvee-julien-barrot-2023\/#primaryimage"},"thumbnailUrl":"https:\/\/thebestvintage.fr\/wp-content\/uploads\/2025\/03\/BARROCHE-2022.jpg","datePublished":"2025-03-05T11:36:38+00:00","dateModified":"2026-04-15T10:25:20+00:00","description":"Domaine La Barroche Ch\u00e2teauneuf-du-Pape Cuv\u00e9e Julien Barrot 2023, a powerful and elegant wine with notes of black fruits, spices, and garrigue.","breadcrumb":{"@id":"https:\/\/thebestvintage.fr\/en\/produit\/domaine-la-barroche-chateauneuf-du-pape-cuvee-julien-barrot-2023\/#breadcrumb"},"inLanguage":"en-US","potentialAction":[{"@type":"ReadAction","target":["https:\/\/thebestvintage.fr\/en\/produit\/domaine-la-barroche-chateauneuf-du-pape-cuvee-julien-barrot-2023\/"]}]},{"@type":"ImageObject","inLanguage":"en-US","@id":"https:\/\/thebestvintage.fr\/en\/produit\/domaine-la-barroche-chateauneuf-du-pape-cuvee-julien-barrot-2023\/#primaryimage","url":"https:\/\/thebestvintage.fr\/wp-content\/uploads\/2025\/03\/BARROCHE-2022.jpg","contentUrl":"https:\/\/thebestvintage.fr\/wp-content\/uploads\/2025\/03\/BARROCHE-2022.jpg","width":1000,"height":1000,"caption":"2022 Domaine La Barroche Chateauneuf Du Pape Cuvee Julien Barrot"},{"@type":"BreadcrumbList","@id":"https:\/\/thebestvintage.fr\/en\/produit\/domaine-la-barroche-chateauneuf-du-pape-cuvee-julien-barrot-2023\/#breadcrumb","itemListElement":[{"@type":"ListItem","position":1,"name":"Accueil","item":"https:\/\/thebestvintage.fr\/en\/"},{"@type":"ListItem","position":2,"name":"Choose your wine","item":"https:\/\/thebestvintage.fr\/en\/choose-your-wine\/"},{"@type":"ListItem","position":3,"name":"Domaine La Barroche Chateauneuf du Pape Cuvee Julien Barrot red 2023"}]},{"@type":"WebSite","@id":"https:\/\/thebestvintage.fr\/en\/#website","url":"https:\/\/thebestvintage.fr\/en\/","name":"Best Vintage","description":"Le caviste de Ch\u00e2teauneuf du Pape","publisher":{"@id":"https:\/\/thebestvintage.fr\/en\/#organization"},"potentialAction":[{"@type":"SearchAction","target":{"@type":"EntryPoint","urlTemplate":"https:\/\/thebestvintage.fr\/en\/?s={search_term_string}"},"query-input":{"@type":"PropertyValueSpecification","valueRequired":true,"valueName":"search_term_string"}}],"inLanguage":"en-US"},{"@type":"Organization","@id":"https:\/\/thebestvintage.fr\/en\/#organization","name":"Best Vintage","url":"https:\/\/thebestvintage.fr\/en\/","logo":{"@type":"ImageObject","inLanguage":"en-US","@id":"https:\/\/thebestvintage.fr\/en\/#\/schema\/logo\/image\/","url":"https:\/\/thebestvintage.fr\/\/wp-content\/uploads\/2024\/01\/logo-yiast.jpg","contentUrl":"https:\/\/thebestvintage.fr\/\/wp-content\/uploads\/2024\/01\/logo-yiast.jpg","width":696,"height":696,"caption":"Best Vintage"},"image":{"@id":"https:\/\/thebestvintage.fr\/en\/#\/schema\/logo\/image\/"},"sameAs":["https:\/\/www.facebook.com\/thebestvintage84\/","https:\/\/www.instagram.com\/wine_bestvintage\/"]}]}},"_links":{"self":[{"href":"https:\/\/thebestvintage.fr\/en\/wp-json\/wp\/v2\/product\/16404","targetHints":{"allow":["GET"]}}],"collection":[{"href":"https:\/\/thebestvintage.fr\/en\/wp-json\/wp\/v2\/product"}],"about":[{"href":"https:\/\/thebestvintage.fr\/en\/wp-json\/wp\/v2\/types\/product"}],"wp:featuredmedia":[{"embeddable":true,"href":"https:\/\/thebestvintage.fr\/en\/wp-json\/wp\/v2\/media\/16406"}],"wp:attachment":[{"href":"https:\/\/thebestvintage.fr\/en\/wp-json\/wp\/v2\/media?parent=16404"}],"wp:term":[{"taxonomy":"product_brand","embeddable":true,"href":"https:\/\/thebestvintage.fr\/en\/wp-json\/wp\/v2\/product_brand?post=16404"},{"taxonomy":"product_cat","embeddable":true,"href":"https:\/\/thebestvintage.fr\/en\/wp-json\/wp\/v2\/product_cat?post=16404"},{"taxonomy":"product_tag","embeddable":true,"href":"https:\/\/thebestvintage.fr\/en\/wp-json\/wp\/v2\/product_tag?post=16404"}],"curies":[{"name":"wp","href":"https:\/\/api.w.org\/{rel}","templated":true}]}}