{"id":17872,"date":"2025-03-28T12:14:54","date_gmt":"2025-03-28T11:14:54","guid":{"rendered":"https:\/\/thebestvintage.fr\/\/?post_type=product&#038;p=17872"},"modified":"2025-06-10T12:00:39","modified_gmt":"2025-06-10T10:00:39","slug":"domaine-la-barroche-chateauneuf-du-pape-pure-2010","status":"publish","type":"product","link":"https:\/\/thebestvintage.fr\/en\/produit\/domaine-la-barroche-chateauneuf-du-pape-pure-2010\/","title":{"rendered":"Domaine La Barroche Chateauneuf du Pape Pure 2010"},"content":{"rendered":"<p>Knowing that this cuvee always seems to show even better after a year or two in bottle, it is safe to say that the 2010 Domaine la Barroche Ch\u00e2teauneuf-du-Pape Cuv\u00e9e Pure is monumental Ch\u00e2teauneuf-du-Pape that represents the essence of Grenache! A blend of 100% Grenache that comes from sandy soils, it delivers a thrilling array of kirsch liqueur, spring flowers, saddle leather, pepper, and massive crushed stone and gunpowder-like nuances that come through with additional airtime. Very structured on the palate, with a vivacious, energetic texture, this full-bodied beauty has layers of fruit and texture, awesome freshness, and a blockbuster finish. Give bottles a year or two, and then drink over the following 20 years.   <\/p>\n","protected":false},"excerpt":{"rendered":"<p>Domaine La Barroche Pure 2010 is an exceptional cuv\u00e9e made from centenarian Grenache vines planted in the early 1900s. The 2010 vintage\u2014one of the finest in Ch\u00e2teauneuf-du-Pape\u2014offers a wine of great depth, precision, and elegance. Aromas of black fruit, noble spices, violet, garrigue, and a hint of smoke lead into a powerful yet refined palate with silky tannins and an endless finish. A wine crafted for emotion and aging.    <\/p>\n","protected":false},"featured_media":8527,"template":"","meta":{"_acf_changed":false,"_et_pb_use_builder":"","_et_pb_old_content":"","_et_gb_content_width":""},"product_brand":[],"product_cat":[311],"product_tag":[],"class_list":{"0":"post-17872","1":"product","2":"type-product","3":"status-publish","4":"has-post-thumbnail","6":"product_cat-empty-bottle","8":"first","9":"outofstock","10":"taxable","11":"shipping-taxable","12":"purchasable","13":"product-type-simple","14":"add-to-wishlist-after_add_to_cart"},"acf":[],"yoast_head":"<!-- This site is optimized with the Yoast SEO plugin v27.5 - https:\/\/yoast.com\/product\/yoast-seo-wordpress\/ -->\n<title>La Barroche Pure 2010 \u2013 Rare Ch\u00e2teauneuf-du-Pape<\/title>\n<meta name=\"description\" content=\"A legendary Ch\u00e2teauneuf-du-Pape. Pure 2010 by Domaine La Barroche delivers intensity, refinement, and remarkable aging potential.\" \/>\n<meta name=\"robots\" content=\"index, follow, max-snippet:-1, max-image-preview:large, max-video-preview:-1\" \/>\n<link rel=\"canonical\" href=\"https:\/\/thebestvintage.fr\/en\/produit\/domaine-la-barroche-chateauneuf-du-pape-pure-2010\/\" \/>\n<meta property=\"og:locale\" content=\"en_US\" \/>\n<meta property=\"og:type\" content=\"article\" \/>\n<meta property=\"og:title\" content=\"La Barroche Pure 2010 \u2013 Rare Ch\u00e2teauneuf-du-Pape\" \/>\n<meta property=\"og:description\" content=\"A legendary Ch\u00e2teauneuf-du-Pape. Pure 2010 by Domaine La Barroche delivers intensity, refinement, and remarkable aging potential.\" \/>\n<meta property=\"og:url\" content=\"https:\/\/thebestvintage.fr\/en\/produit\/domaine-la-barroche-chateauneuf-du-pape-pure-2010\/\" \/>\n<meta property=\"og:site_name\" content=\"Best Vintage\" \/>\n<meta property=\"article:publisher\" content=\"https:\/\/www.facebook.com\/thebestvintage84\/\" \/>\n<meta property=\"article:modified_time\" content=\"2025-06-10T10:00:39+00:00\" \/>\n<meta property=\"og:image\" content=\"https:\/\/thebestvintage.fr\/wp-content\/uploads\/2023\/12\/pure-100.jpg\" \/>\n\t<meta property=\"og:image:width\" content=\"1000\" \/>\n\t<meta property=\"og:image:height\" content=\"1000\" \/>\n\t<meta property=\"og:image:type\" content=\"image\/jpeg\" \/>\n<meta name=\"twitter:card\" content=\"summary_large_image\" \/>\n<meta name=\"twitter:label1\" content=\"Est. reading time\" \/>\n\t<meta name=\"twitter:data1\" content=\"1 minute\" \/>\n<script type=\"application\/ld+json\" class=\"yoast-schema-graph\">{\"@context\":\"https:\\\/\\\/schema.org\",\"@graph\":[{\"@type\":\"WebPage\",\"@id\":\"https:\\\/\\\/thebestvintage.fr\\\/en\\\/produit\\\/domaine-la-barroche-chateauneuf-du-pape-pure-2010\\\/\",\"url\":\"https:\\\/\\\/thebestvintage.fr\\\/en\\\/produit\\\/domaine-la-barroche-chateauneuf-du-pape-pure-2010\\\/\",\"name\":\"La Barroche Pure 2010 \u2013 Rare Ch\u00e2teauneuf-du-Pape\",\"isPartOf\":{\"@id\":\"https:\\\/\\\/thebestvintage.fr\\\/en\\\/#website\"},\"primaryImageOfPage\":{\"@id\":\"https:\\\/\\\/thebestvintage.fr\\\/en\\\/produit\\\/domaine-la-barroche-chateauneuf-du-pape-pure-2010\\\/#primaryimage\"},\"image\":{\"@id\":\"https:\\\/\\\/thebestvintage.fr\\\/en\\\/produit\\\/domaine-la-barroche-chateauneuf-du-pape-pure-2010\\\/#primaryimage\"},\"thumbnailUrl\":\"https:\\\/\\\/thebestvintage.fr\\\/wp-content\\\/uploads\\\/2023\\\/12\\\/pure-100.jpg\",\"datePublished\":\"2025-03-28T11:14:54+00:00\",\"dateModified\":\"2025-06-10T10:00:39+00:00\",\"description\":\"A legendary Ch\u00e2teauneuf-du-Pape. Pure 2010 by Domaine La Barroche delivers intensity, refinement, and remarkable aging potential.\",\"breadcrumb\":{\"@id\":\"https:\\\/\\\/thebestvintage.fr\\\/en\\\/produit\\\/domaine-la-barroche-chateauneuf-du-pape-pure-2010\\\/#breadcrumb\"},\"inLanguage\":\"en-US\",\"potentialAction\":[{\"@type\":\"ReadAction\",\"target\":[\"https:\\\/\\\/thebestvintage.fr\\\/en\\\/produit\\\/domaine-la-barroche-chateauneuf-du-pape-pure-2010\\\/\"]}]},{\"@type\":\"ImageObject\",\"inLanguage\":\"en-US\",\"@id\":\"https:\\\/\\\/thebestvintage.fr\\\/en\\\/produit\\\/domaine-la-barroche-chateauneuf-du-pape-pure-2010\\\/#primaryimage\",\"url\":\"https:\\\/\\\/thebestvintage.fr\\\/wp-content\\\/uploads\\\/2023\\\/12\\\/pure-100.jpg\",\"contentUrl\":\"https:\\\/\\\/thebestvintage.fr\\\/wp-content\\\/uploads\\\/2023\\\/12\\\/pure-100.jpg\",\"width\":1000,\"height\":1000,\"caption\":\"Domaine La Barroche Chateauneuf-du-Pape Pure 2007\"},{\"@type\":\"BreadcrumbList\",\"@id\":\"https:\\\/\\\/thebestvintage.fr\\\/en\\\/produit\\\/domaine-la-barroche-chateauneuf-du-pape-pure-2010\\\/#breadcrumb\",\"itemListElement\":[{\"@type\":\"ListItem\",\"position\":1,\"name\":\"Accueil\",\"item\":\"https:\\\/\\\/thebestvintage.fr\\\/en\\\/\"},{\"@type\":\"ListItem\",\"position\":2,\"name\":\"Choose your wine\",\"item\":\"https:\\\/\\\/thebestvintage.fr\\\/en\\\/choose-your-wine\\\/\"},{\"@type\":\"ListItem\",\"position\":3,\"name\":\"Domaine La Barroche Chateauneuf du Pape Pure 2010\"}]},{\"@type\":\"WebSite\",\"@id\":\"https:\\\/\\\/thebestvintage.fr\\\/en\\\/#website\",\"url\":\"https:\\\/\\\/thebestvintage.fr\\\/en\\\/\",\"name\":\"Best Vintage\",\"description\":\"Le caviste de Ch\u00e2teauneuf du Pape\",\"publisher\":{\"@id\":\"https:\\\/\\\/thebestvintage.fr\\\/en\\\/#organization\"},\"potentialAction\":[{\"@type\":\"SearchAction\",\"target\":{\"@type\":\"EntryPoint\",\"urlTemplate\":\"https:\\\/\\\/thebestvintage.fr\\\/en\\\/?s={search_term_string}\"},\"query-input\":{\"@type\":\"PropertyValueSpecification\",\"valueRequired\":true,\"valueName\":\"search_term_string\"}}],\"inLanguage\":\"en-US\"},{\"@type\":\"Organization\",\"@id\":\"https:\\\/\\\/thebestvintage.fr\\\/en\\\/#organization\",\"name\":\"Best Vintage\",\"url\":\"https:\\\/\\\/thebestvintage.fr\\\/en\\\/\",\"logo\":{\"@type\":\"ImageObject\",\"inLanguage\":\"en-US\",\"@id\":\"https:\\\/\\\/thebestvintage.fr\\\/en\\\/#\\\/schema\\\/logo\\\/image\\\/\",\"url\":\"https:\\\/\\\/thebestvintage.fr\\\/\\\/wp-content\\\/uploads\\\/2024\\\/01\\\/logo-yiast.jpg\",\"contentUrl\":\"https:\\\/\\\/thebestvintage.fr\\\/\\\/wp-content\\\/uploads\\\/2024\\\/01\\\/logo-yiast.jpg\",\"width\":696,\"height\":696,\"caption\":\"Best Vintage\"},\"image\":{\"@id\":\"https:\\\/\\\/thebestvintage.fr\\\/en\\\/#\\\/schema\\\/logo\\\/image\\\/\"},\"sameAs\":[\"https:\\\/\\\/www.facebook.com\\\/thebestvintage84\\\/\",\"https:\\\/\\\/www.instagram.com\\\/wine_bestvintage\\\/\"]}]}<\/script>\n<!-- \/ Yoast SEO plugin. -->","yoast_head_json":{"title":"La Barroche Pure 2010 \u2013 Rare Ch\u00e2teauneuf-du-Pape","description":"A legendary Ch\u00e2teauneuf-du-Pape. Pure 2010 by Domaine La Barroche delivers intensity, refinement, and remarkable aging potential.","robots":{"index":"index","follow":"follow","max-snippet":"max-snippet:-1","max-image-preview":"max-image-preview:large","max-video-preview":"max-video-preview:-1"},"canonical":"https:\/\/thebestvintage.fr\/en\/produit\/domaine-la-barroche-chateauneuf-du-pape-pure-2010\/","og_locale":"en_US","og_type":"article","og_title":"La Barroche Pure 2010 \u2013 Rare Ch\u00e2teauneuf-du-Pape","og_description":"A legendary Ch\u00e2teauneuf-du-Pape. Pure 2010 by Domaine La Barroche delivers intensity, refinement, and remarkable aging potential.","og_url":"https:\/\/thebestvintage.fr\/en\/produit\/domaine-la-barroche-chateauneuf-du-pape-pure-2010\/","og_site_name":"Best Vintage","article_publisher":"https:\/\/www.facebook.com\/thebestvintage84\/","article_modified_time":"2025-06-10T10:00:39+00:00","og_image":[{"width":1000,"height":1000,"url":"https:\/\/thebestvintage.fr\/wp-content\/uploads\/2023\/12\/pure-100.jpg","type":"image\/jpeg"}],"twitter_card":"summary_large_image","twitter_misc":{"Est. reading time":"1 minute"},"schema":{"@context":"https:\/\/schema.org","@graph":[{"@type":"WebPage","@id":"https:\/\/thebestvintage.fr\/en\/produit\/domaine-la-barroche-chateauneuf-du-pape-pure-2010\/","url":"https:\/\/thebestvintage.fr\/en\/produit\/domaine-la-barroche-chateauneuf-du-pape-pure-2010\/","name":"La Barroche Pure 2010 \u2013 Rare Ch\u00e2teauneuf-du-Pape","isPartOf":{"@id":"https:\/\/thebestvintage.fr\/en\/#website"},"primaryImageOfPage":{"@id":"https:\/\/thebestvintage.fr\/en\/produit\/domaine-la-barroche-chateauneuf-du-pape-pure-2010\/#primaryimage"},"image":{"@id":"https:\/\/thebestvintage.fr\/en\/produit\/domaine-la-barroche-chateauneuf-du-pape-pure-2010\/#primaryimage"},"thumbnailUrl":"https:\/\/thebestvintage.fr\/wp-content\/uploads\/2023\/12\/pure-100.jpg","datePublished":"2025-03-28T11:14:54+00:00","dateModified":"2025-06-10T10:00:39+00:00","description":"A legendary Ch\u00e2teauneuf-du-Pape. Pure 2010 by Domaine La Barroche delivers intensity, refinement, and remarkable aging potential.","breadcrumb":{"@id":"https:\/\/thebestvintage.fr\/en\/produit\/domaine-la-barroche-chateauneuf-du-pape-pure-2010\/#breadcrumb"},"inLanguage":"en-US","potentialAction":[{"@type":"ReadAction","target":["https:\/\/thebestvintage.fr\/en\/produit\/domaine-la-barroche-chateauneuf-du-pape-pure-2010\/"]}]},{"@type":"ImageObject","inLanguage":"en-US","@id":"https:\/\/thebestvintage.fr\/en\/produit\/domaine-la-barroche-chateauneuf-du-pape-pure-2010\/#primaryimage","url":"https:\/\/thebestvintage.fr\/wp-content\/uploads\/2023\/12\/pure-100.jpg","contentUrl":"https:\/\/thebestvintage.fr\/wp-content\/uploads\/2023\/12\/pure-100.jpg","width":1000,"height":1000,"caption":"Domaine La Barroche Chateauneuf-du-Pape Pure 2007"},{"@type":"BreadcrumbList","@id":"https:\/\/thebestvintage.fr\/en\/produit\/domaine-la-barroche-chateauneuf-du-pape-pure-2010\/#breadcrumb","itemListElement":[{"@type":"ListItem","position":1,"name":"Accueil","item":"https:\/\/thebestvintage.fr\/en\/"},{"@type":"ListItem","position":2,"name":"Choose your wine","item":"https:\/\/thebestvintage.fr\/en\/choose-your-wine\/"},{"@type":"ListItem","position":3,"name":"Domaine La Barroche Chateauneuf du Pape Pure 2010"}]},{"@type":"WebSite","@id":"https:\/\/thebestvintage.fr\/en\/#website","url":"https:\/\/thebestvintage.fr\/en\/","name":"Best Vintage","description":"Le caviste de Ch\u00e2teauneuf du Pape","publisher":{"@id":"https:\/\/thebestvintage.fr\/en\/#organization"},"potentialAction":[{"@type":"SearchAction","target":{"@type":"EntryPoint","urlTemplate":"https:\/\/thebestvintage.fr\/en\/?s={search_term_string}"},"query-input":{"@type":"PropertyValueSpecification","valueRequired":true,"valueName":"search_term_string"}}],"inLanguage":"en-US"},{"@type":"Organization","@id":"https:\/\/thebestvintage.fr\/en\/#organization","name":"Best Vintage","url":"https:\/\/thebestvintage.fr\/en\/","logo":{"@type":"ImageObject","inLanguage":"en-US","@id":"https:\/\/thebestvintage.fr\/en\/#\/schema\/logo\/image\/","url":"https:\/\/thebestvintage.fr\/\/wp-content\/uploads\/2024\/01\/logo-yiast.jpg","contentUrl":"https:\/\/thebestvintage.fr\/\/wp-content\/uploads\/2024\/01\/logo-yiast.jpg","width":696,"height":696,"caption":"Best Vintage"},"image":{"@id":"https:\/\/thebestvintage.fr\/en\/#\/schema\/logo\/image\/"},"sameAs":["https:\/\/www.facebook.com\/thebestvintage84\/","https:\/\/www.instagram.com\/wine_bestvintage\/"]}]}},"_links":{"self":[{"href":"https:\/\/thebestvintage.fr\/en\/wp-json\/wp\/v2\/product\/17872","targetHints":{"allow":["GET"]}}],"collection":[{"href":"https:\/\/thebestvintage.fr\/en\/wp-json\/wp\/v2\/product"}],"about":[{"href":"https:\/\/thebestvintage.fr\/en\/wp-json\/wp\/v2\/types\/product"}],"wp:featuredmedia":[{"embeddable":true,"href":"https:\/\/thebestvintage.fr\/en\/wp-json\/wp\/v2\/media\/8527"}],"wp:attachment":[{"href":"https:\/\/thebestvintage.fr\/en\/wp-json\/wp\/v2\/media?parent=17872"}],"wp:term":[{"taxonomy":"product_brand","embeddable":true,"href":"https:\/\/thebestvintage.fr\/en\/wp-json\/wp\/v2\/product_brand?post=17872"},{"taxonomy":"product_cat","embeddable":true,"href":"https:\/\/thebestvintage.fr\/en\/wp-json\/wp\/v2\/product_cat?post=17872"},{"taxonomy":"product_tag","embeddable":true,"href":"https:\/\/thebestvintage.fr\/en\/wp-json\/wp\/v2\/product_tag?post=17872"}],"curies":[{"name":"wp","href":"https:\/\/api.w.org\/{rel}","templated":true}]}}