{"id":25180,"date":"2026-01-06T16:28:26","date_gmt":"2026-01-06T15:28:26","guid":{"rendered":"https:\/\/thebestvintage.fr\/\/?post_type=product&#038;p=25180"},"modified":"2026-01-06T16:32:04","modified_gmt":"2026-01-06T15:32:04","slug":"pierre-usseglio-fils-chateauneuf-du-pape-cuvee-de-mon-aieul-2023-jeroboam","status":"publish","type":"product","link":"https:\/\/thebestvintage.fr\/en\/produit\/pierre-usseglio-fils-chateauneuf-du-pape-cuvee-de-mon-aieul-2023-jeroboam\/","title":{"rendered":"Pierre Uss\u00e9glio &amp; Fils Chateauneuf du Pape Cuv\u00e9e de mon A\u00efeul red 2023 Jeroboam"},"content":{"rendered":"<p>[et_pb_section fb_built=&#8221;1&#8243; _builder_version=&#8221;4.16&#8243; custom_padding=&#8221;0px||||false|false&#8221; collapsed=&#8221;on&#8221; global_colors_info=&#8221;{}&#8221;][et_pb_row _builder_version=&#8221;4.16&#8243; background_size=&#8221;initial&#8221; background_position=&#8221;top_left&#8221; background_repeat=&#8221;repeat&#8221; width=&#8221;100%&#8221; custom_padding=&#8221;0px||0px||false|false&#8221; global_colors_info=&#8221;{}&#8221;][et_pb_column type=&#8221;4_4&#8243; _builder_version=&#8221;4.16&#8243; custom_padding=&#8221;|||&#8221; global_colors_info=&#8221;{}&#8221; custom_padding__hover=&#8221;|||&#8221;][et_pb_wc_breadcrumb _builder_version=&#8221;4.16&#8243; global_colors_info=&#8221;{}&#8221;][\/et_pb_wc_breadcrumb][et_pb_text _builder_version=&#8221;4.22.1&#8243; _module_preset=&#8221;default&#8221; text_text_color=&#8221;#E02B20&#8243; text_font_size=&#8221;18px&#8221; global_colors_info=&#8221;{}&#8221;]<\/p>\n<p><em>AOC Ch\u00e2teauneuf du Pape &#8211; vin rouge &#8211; bouteille 75cl<\/em><\/p>\n<p>[\/et_pb_text][et_pb_wc_cart_notice _builder_version=&#8221;4.16&#8243; global_colors_info=&#8221;{}&#8221;][\/et_pb_wc_cart_notice][\/et_pb_column][\/et_pb_row][et_pb_row column_structure=&#8221;1_2,1_2&#8243; _builder_version=&#8221;4.16&#8243; background_size=&#8221;initial&#8221; background_position=&#8221;top_left&#8221; background_repeat=&#8221;repeat&#8221; width=&#8221;100%&#8221; custom_padding=&#8221;0px||||false|false&#8221; global_colors_info=&#8221;{}&#8221;][et_pb_column type=&#8221;1_2&#8243; _builder_version=&#8221;4.16&#8243; custom_padding=&#8221;|||&#8221; global_colors_info=&#8221;{}&#8221; custom_padding__hover=&#8221;|||&#8221;][et_pb_wc_images _builder_version=&#8221;4.16&#8243; global_colors_info=&#8221;{}&#8221;][\/et_pb_wc_images][\/et_pb_column][et_pb_column type=&#8221;1_2&#8243; _builder_version=&#8221;4.16&#8243; custom_padding=&#8221;|||&#8221; global_colors_info=&#8221;{}&#8221; custom_padding__hover=&#8221;|||&#8221;][et_pb_wc_title _builder_version=&#8221;4.22.1&#8243; global_colors_info=&#8221;{}&#8221;][\/et_pb_wc_title][et_pb_wc_rating _builder_version=&#8221;4.16&#8243; global_colors_info=&#8221;{}&#8221;][\/et_pb_wc_rating][et_pb_wc_price _builder_version=&#8221;4.16&#8243; global_colors_info=&#8221;{}&#8221;][\/et_pb_wc_price][et_pb_wc_description _builder_version=&#8221;4.16&#8243; global_colors_info=&#8221;{}&#8221;][\/et_pb_wc_description][et_pb_wc_add_to_cart _builder_version=&#8221;4.16&#8243; global_colors_info=&#8221;{}&#8221;][\/et_pb_wc_add_to_cart][et_pb_wc_meta _builder_version=&#8221;4.16&#8243; global_colors_info=&#8221;{}&#8221;][\/et_pb_wc_meta][\/et_pb_column][\/et_pb_row][et_pb_row _builder_version=&#8221;4.16&#8243; background_size=&#8221;initial&#8221; background_position=&#8221;top_left&#8221; background_repeat=&#8221;repeat&#8221; width=&#8221;100%&#8221; global_colors_info=&#8221;{}&#8221;][et_pb_column type=&#8221;4_4&#8243; _builder_version=&#8221;4.16&#8243; custom_padding=&#8221;|||&#8221; global_colors_info=&#8221;{}&#8221; custom_padding__hover=&#8221;|||&#8221;][et_pb_wc_tabs _builder_version=&#8221;4.16&#8243; global_colors_info=&#8221;{}&#8221;]\t\t\t\t\t[\/et_pb_wc_tabs][et_pb_wc_upsells _builder_version=&#8221;4.16&#8243; global_colors_info=&#8221;{}&#8221;][\/et_pb_wc_upsells][et_pb_wc_related_products _builder_version=&#8221;4.16&#8243; global_colors_info=&#8221;{}&#8221;][\/et_pb_wc_related_products][\/et_pb_column][\/et_pb_row][\/et_pb_section]<\/p>\n","protected":false},"excerpt":{"rendered":"<p>Presented in Jeroboam format, Cuv\u00e9e de Mon A\u00efeul 2023 delivers a commanding and harmonious expression of Ch\u00e2teauneuf-du-Pape, combining generous texture, ripe southern character and refined balance for memorable occasions.<\/p>\n","protected":false},"featured_media":11337,"template":"","meta":{"_acf_changed":false,"_et_pb_use_builder":"on","_et_pb_old_content":"Coming from the Les Serres, Guigasse, and La Crau lieux-dits, the 2023 Ch\u00e2teauneuf Du Pape Cuv\u00e9e Mon A\u00efeul was vinified with 100% whole clusters and raised in neutral demi-muids. This deep ruby\/plum-hued beauty offers up black cherries, roasted herbs, candied violets, and pepper in an almost overflowing Proven\u00e7al style. Medium to full-bodied, it's incredibly layered, seamless, and sexy, with perfectly integrated tannins, gorgeous purity, and outstanding length. It reminds me slightly of the 2006 and will drink beautifully over the coming 20 years. Drink 2025-2045.    ","_et_gb_content_width":""},"product_brand":[],"product_cat":[330,363,374,369],"product_tag":[],"class_list":{"0":"post-25180","1":"product","2":"type-product","3":"status-publish","4":"has-post-thumbnail","6":"product_cat-vins-chateauneuf-du-pape-en-2","7":"product_cat-jeroboam-wine","8":"product_cat-pierre-usseglio-big-bottles","9":"product_cat-red-wine","11":"first","12":"instock","13":"taxable","14":"shipping-taxable","15":"purchasable","16":"product-type-simple","17":"add-to-wishlist-after_add_to_cart"},"acf":[],"yoast_head":"<!-- This site is optimized with the Yoast SEO plugin v27.5 - https:\/\/yoast.com\/product\/yoast-seo-wordpress\/ -->\n<title>Ch\u00e2teauneuf Cuv\u00e9e de Mon A\u00efeul red 2023 J\u00e9roboam Usseglio<\/title>\n<meta name=\"description\" content=\"Ch\u00e2teauneuf-du-Pape 2023 en J\u00e9roboam, cuv\u00e9e mythique du Domaine Pierre Usseglio &amp; Fils, offrant profondeur, ampleur et \u00e9volution magnifi\u00e9e en grand format.\" \/>\n<meta name=\"robots\" content=\"index, follow, max-snippet:-1, max-image-preview:large, max-video-preview:-1\" \/>\n<link rel=\"canonical\" href=\"https:\/\/thebestvintage.fr\/en\/produit\/pierre-usseglio-fils-chateauneuf-du-pape-cuvee-de-mon-aieul-2023-jeroboam\/\" \/>\n<meta property=\"og:locale\" content=\"en_US\" \/>\n<meta property=\"og:type\" content=\"article\" \/>\n<meta property=\"og:title\" content=\"Ch\u00e2teauneuf Cuv\u00e9e de Mon A\u00efeul red 2023 J\u00e9roboam Usseglio\" \/>\n<meta property=\"og:description\" content=\"Ch\u00e2teauneuf-du-Pape 2023 en J\u00e9roboam, cuv\u00e9e mythique du Domaine Pierre Usseglio &amp; Fils, offrant profondeur, ampleur et \u00e9volution magnifi\u00e9e en grand format.\" \/>\n<meta property=\"og:url\" content=\"https:\/\/thebestvintage.fr\/en\/produit\/pierre-usseglio-fils-chateauneuf-du-pape-cuvee-de-mon-aieul-2023-jeroboam\/\" \/>\n<meta property=\"og:site_name\" content=\"Best Vintage\" \/>\n<meta property=\"article:publisher\" content=\"https:\/\/www.facebook.com\/thebestvintage84\/\" \/>\n<meta property=\"article:modified_time\" content=\"2026-01-06T15:32:04+00:00\" \/>\n<meta property=\"og:image\" content=\"https:\/\/thebestvintage.fr\/wp-content\/uploads\/2025\/01\/AIEUL.jpg\" \/>\n\t<meta property=\"og:image:width\" content=\"1000\" \/>\n\t<meta property=\"og:image:height\" content=\"1000\" \/>\n\t<meta property=\"og:image:type\" content=\"image\/jpeg\" \/>\n<meta name=\"twitter:card\" content=\"summary_large_image\" \/>\n<meta name=\"twitter:label1\" content=\"Est. reading time\" \/>\n\t<meta name=\"twitter:data1\" content=\"2 minutes\" \/>\n<script type=\"application\/ld+json\" class=\"yoast-schema-graph\">{\"@context\":\"https:\\\/\\\/schema.org\",\"@graph\":[{\"@type\":\"WebPage\",\"@id\":\"https:\\\/\\\/thebestvintage.fr\\\/en\\\/produit\\\/pierre-usseglio-fils-chateauneuf-du-pape-cuvee-de-mon-aieul-2023-jeroboam\\\/\",\"url\":\"https:\\\/\\\/thebestvintage.fr\\\/en\\\/produit\\\/pierre-usseglio-fils-chateauneuf-du-pape-cuvee-de-mon-aieul-2023-jeroboam\\\/\",\"name\":\"Ch\u00e2teauneuf Cuv\u00e9e de Mon A\u00efeul red 2023 J\u00e9roboam Usseglio\",\"isPartOf\":{\"@id\":\"https:\\\/\\\/thebestvintage.fr\\\/en\\\/#website\"},\"primaryImageOfPage\":{\"@id\":\"https:\\\/\\\/thebestvintage.fr\\\/en\\\/produit\\\/pierre-usseglio-fils-chateauneuf-du-pape-cuvee-de-mon-aieul-2023-jeroboam\\\/#primaryimage\"},\"image\":{\"@id\":\"https:\\\/\\\/thebestvintage.fr\\\/en\\\/produit\\\/pierre-usseglio-fils-chateauneuf-du-pape-cuvee-de-mon-aieul-2023-jeroboam\\\/#primaryimage\"},\"thumbnailUrl\":\"https:\\\/\\\/thebestvintage.fr\\\/wp-content\\\/uploads\\\/2025\\\/01\\\/AIEUL.jpg\",\"datePublished\":\"2026-01-06T15:28:26+00:00\",\"dateModified\":\"2026-01-06T15:32:04+00:00\",\"description\":\"Ch\u00e2teauneuf-du-Pape 2023 en J\u00e9roboam, cuv\u00e9e mythique du Domaine Pierre Usseglio & Fils, offrant profondeur, ampleur et \u00e9volution magnifi\u00e9e en grand format.\",\"breadcrumb\":{\"@id\":\"https:\\\/\\\/thebestvintage.fr\\\/en\\\/produit\\\/pierre-usseglio-fils-chateauneuf-du-pape-cuvee-de-mon-aieul-2023-jeroboam\\\/#breadcrumb\"},\"inLanguage\":\"en-US\",\"potentialAction\":[{\"@type\":\"ReadAction\",\"target\":[\"https:\\\/\\\/thebestvintage.fr\\\/en\\\/produit\\\/pierre-usseglio-fils-chateauneuf-du-pape-cuvee-de-mon-aieul-2023-jeroboam\\\/\"]}]},{\"@type\":\"ImageObject\",\"inLanguage\":\"en-US\",\"@id\":\"https:\\\/\\\/thebestvintage.fr\\\/en\\\/produit\\\/pierre-usseglio-fils-chateauneuf-du-pape-cuvee-de-mon-aieul-2023-jeroboam\\\/#primaryimage\",\"url\":\"https:\\\/\\\/thebestvintage.fr\\\/wp-content\\\/uploads\\\/2025\\\/01\\\/AIEUL.jpg\",\"contentUrl\":\"https:\\\/\\\/thebestvintage.fr\\\/wp-content\\\/uploads\\\/2025\\\/01\\\/AIEUL.jpg\",\"width\":1000,\"height\":1000,\"caption\":\"Domaine Pierre Usseglio &amp; Fils Chateauneuf Du Pape Cuvee De Mon Aieul\"},{\"@type\":\"BreadcrumbList\",\"@id\":\"https:\\\/\\\/thebestvintage.fr\\\/en\\\/produit\\\/pierre-usseglio-fils-chateauneuf-du-pape-cuvee-de-mon-aieul-2023-jeroboam\\\/#breadcrumb\",\"itemListElement\":[{\"@type\":\"ListItem\",\"position\":1,\"name\":\"Accueil\",\"item\":\"https:\\\/\\\/thebestvintage.fr\\\/en\\\/\"},{\"@type\":\"ListItem\",\"position\":2,\"name\":\"Choose your wine\",\"item\":\"https:\\\/\\\/thebestvintage.fr\\\/en\\\/choose-your-wine\\\/\"},{\"@type\":\"ListItem\",\"position\":3,\"name\":\"Pierre Uss\u00e9glio &amp; Fils Chateauneuf du Pape Cuv\u00e9e de mon A\u00efeul red 2023 Jeroboam\"}]},{\"@type\":\"WebSite\",\"@id\":\"https:\\\/\\\/thebestvintage.fr\\\/en\\\/#website\",\"url\":\"https:\\\/\\\/thebestvintage.fr\\\/en\\\/\",\"name\":\"Best Vintage\",\"description\":\"Le caviste de Ch\u00e2teauneuf du Pape\",\"publisher\":{\"@id\":\"https:\\\/\\\/thebestvintage.fr\\\/en\\\/#organization\"},\"potentialAction\":[{\"@type\":\"SearchAction\",\"target\":{\"@type\":\"EntryPoint\",\"urlTemplate\":\"https:\\\/\\\/thebestvintage.fr\\\/en\\\/?s={search_term_string}\"},\"query-input\":{\"@type\":\"PropertyValueSpecification\",\"valueRequired\":true,\"valueName\":\"search_term_string\"}}],\"inLanguage\":\"en-US\"},{\"@type\":\"Organization\",\"@id\":\"https:\\\/\\\/thebestvintage.fr\\\/en\\\/#organization\",\"name\":\"Best Vintage\",\"url\":\"https:\\\/\\\/thebestvintage.fr\\\/en\\\/\",\"logo\":{\"@type\":\"ImageObject\",\"inLanguage\":\"en-US\",\"@id\":\"https:\\\/\\\/thebestvintage.fr\\\/en\\\/#\\\/schema\\\/logo\\\/image\\\/\",\"url\":\"https:\\\/\\\/thebestvintage.fr\\\/\\\/wp-content\\\/uploads\\\/2024\\\/01\\\/logo-yiast.jpg\",\"contentUrl\":\"https:\\\/\\\/thebestvintage.fr\\\/\\\/wp-content\\\/uploads\\\/2024\\\/01\\\/logo-yiast.jpg\",\"width\":696,\"height\":696,\"caption\":\"Best Vintage\"},\"image\":{\"@id\":\"https:\\\/\\\/thebestvintage.fr\\\/en\\\/#\\\/schema\\\/logo\\\/image\\\/\"},\"sameAs\":[\"https:\\\/\\\/www.facebook.com\\\/thebestvintage84\\\/\",\"https:\\\/\\\/www.instagram.com\\\/wine_bestvintage\\\/\"]}]}<\/script>\n<!-- \/ Yoast SEO plugin. -->","yoast_head_json":{"title":"Ch\u00e2teauneuf Cuv\u00e9e de Mon A\u00efeul red 2023 J\u00e9roboam Usseglio","description":"Ch\u00e2teauneuf-du-Pape 2023 en J\u00e9roboam, cuv\u00e9e mythique du Domaine Pierre Usseglio & Fils, offrant profondeur, ampleur et \u00e9volution magnifi\u00e9e en grand format.","robots":{"index":"index","follow":"follow","max-snippet":"max-snippet:-1","max-image-preview":"max-image-preview:large","max-video-preview":"max-video-preview:-1"},"canonical":"https:\/\/thebestvintage.fr\/en\/produit\/pierre-usseglio-fils-chateauneuf-du-pape-cuvee-de-mon-aieul-2023-jeroboam\/","og_locale":"en_US","og_type":"article","og_title":"Ch\u00e2teauneuf Cuv\u00e9e de Mon A\u00efeul red 2023 J\u00e9roboam Usseglio","og_description":"Ch\u00e2teauneuf-du-Pape 2023 en J\u00e9roboam, cuv\u00e9e mythique du Domaine Pierre Usseglio & Fils, offrant profondeur, ampleur et \u00e9volution magnifi\u00e9e en grand format.","og_url":"https:\/\/thebestvintage.fr\/en\/produit\/pierre-usseglio-fils-chateauneuf-du-pape-cuvee-de-mon-aieul-2023-jeroboam\/","og_site_name":"Best Vintage","article_publisher":"https:\/\/www.facebook.com\/thebestvintage84\/","article_modified_time":"2026-01-06T15:32:04+00:00","og_image":[{"width":1000,"height":1000,"url":"https:\/\/thebestvintage.fr\/wp-content\/uploads\/2025\/01\/AIEUL.jpg","type":"image\/jpeg"}],"twitter_card":"summary_large_image","twitter_misc":{"Est. reading time":"2 minutes"},"schema":{"@context":"https:\/\/schema.org","@graph":[{"@type":"WebPage","@id":"https:\/\/thebestvintage.fr\/en\/produit\/pierre-usseglio-fils-chateauneuf-du-pape-cuvee-de-mon-aieul-2023-jeroboam\/","url":"https:\/\/thebestvintage.fr\/en\/produit\/pierre-usseglio-fils-chateauneuf-du-pape-cuvee-de-mon-aieul-2023-jeroboam\/","name":"Ch\u00e2teauneuf Cuv\u00e9e de Mon A\u00efeul red 2023 J\u00e9roboam Usseglio","isPartOf":{"@id":"https:\/\/thebestvintage.fr\/en\/#website"},"primaryImageOfPage":{"@id":"https:\/\/thebestvintage.fr\/en\/produit\/pierre-usseglio-fils-chateauneuf-du-pape-cuvee-de-mon-aieul-2023-jeroboam\/#primaryimage"},"image":{"@id":"https:\/\/thebestvintage.fr\/en\/produit\/pierre-usseglio-fils-chateauneuf-du-pape-cuvee-de-mon-aieul-2023-jeroboam\/#primaryimage"},"thumbnailUrl":"https:\/\/thebestvintage.fr\/wp-content\/uploads\/2025\/01\/AIEUL.jpg","datePublished":"2026-01-06T15:28:26+00:00","dateModified":"2026-01-06T15:32:04+00:00","description":"Ch\u00e2teauneuf-du-Pape 2023 en J\u00e9roboam, cuv\u00e9e mythique du Domaine Pierre Usseglio & Fils, offrant profondeur, ampleur et \u00e9volution magnifi\u00e9e en grand format.","breadcrumb":{"@id":"https:\/\/thebestvintage.fr\/en\/produit\/pierre-usseglio-fils-chateauneuf-du-pape-cuvee-de-mon-aieul-2023-jeroboam\/#breadcrumb"},"inLanguage":"en-US","potentialAction":[{"@type":"ReadAction","target":["https:\/\/thebestvintage.fr\/en\/produit\/pierre-usseglio-fils-chateauneuf-du-pape-cuvee-de-mon-aieul-2023-jeroboam\/"]}]},{"@type":"ImageObject","inLanguage":"en-US","@id":"https:\/\/thebestvintage.fr\/en\/produit\/pierre-usseglio-fils-chateauneuf-du-pape-cuvee-de-mon-aieul-2023-jeroboam\/#primaryimage","url":"https:\/\/thebestvintage.fr\/wp-content\/uploads\/2025\/01\/AIEUL.jpg","contentUrl":"https:\/\/thebestvintage.fr\/wp-content\/uploads\/2025\/01\/AIEUL.jpg","width":1000,"height":1000,"caption":"Domaine Pierre Usseglio &amp; Fils Chateauneuf Du Pape Cuvee De Mon Aieul"},{"@type":"BreadcrumbList","@id":"https:\/\/thebestvintage.fr\/en\/produit\/pierre-usseglio-fils-chateauneuf-du-pape-cuvee-de-mon-aieul-2023-jeroboam\/#breadcrumb","itemListElement":[{"@type":"ListItem","position":1,"name":"Accueil","item":"https:\/\/thebestvintage.fr\/en\/"},{"@type":"ListItem","position":2,"name":"Choose your wine","item":"https:\/\/thebestvintage.fr\/en\/choose-your-wine\/"},{"@type":"ListItem","position":3,"name":"Pierre Uss\u00e9glio &amp; Fils Chateauneuf du Pape Cuv\u00e9e de mon A\u00efeul red 2023 Jeroboam"}]},{"@type":"WebSite","@id":"https:\/\/thebestvintage.fr\/en\/#website","url":"https:\/\/thebestvintage.fr\/en\/","name":"Best Vintage","description":"Le caviste de Ch\u00e2teauneuf du Pape","publisher":{"@id":"https:\/\/thebestvintage.fr\/en\/#organization"},"potentialAction":[{"@type":"SearchAction","target":{"@type":"EntryPoint","urlTemplate":"https:\/\/thebestvintage.fr\/en\/?s={search_term_string}"},"query-input":{"@type":"PropertyValueSpecification","valueRequired":true,"valueName":"search_term_string"}}],"inLanguage":"en-US"},{"@type":"Organization","@id":"https:\/\/thebestvintage.fr\/en\/#organization","name":"Best Vintage","url":"https:\/\/thebestvintage.fr\/en\/","logo":{"@type":"ImageObject","inLanguage":"en-US","@id":"https:\/\/thebestvintage.fr\/en\/#\/schema\/logo\/image\/","url":"https:\/\/thebestvintage.fr\/\/wp-content\/uploads\/2024\/01\/logo-yiast.jpg","contentUrl":"https:\/\/thebestvintage.fr\/\/wp-content\/uploads\/2024\/01\/logo-yiast.jpg","width":696,"height":696,"caption":"Best Vintage"},"image":{"@id":"https:\/\/thebestvintage.fr\/en\/#\/schema\/logo\/image\/"},"sameAs":["https:\/\/www.facebook.com\/thebestvintage84\/","https:\/\/www.instagram.com\/wine_bestvintage\/"]}]}},"_links":{"self":[{"href":"https:\/\/thebestvintage.fr\/en\/wp-json\/wp\/v2\/product\/25180","targetHints":{"allow":["GET"]}}],"collection":[{"href":"https:\/\/thebestvintage.fr\/en\/wp-json\/wp\/v2\/product"}],"about":[{"href":"https:\/\/thebestvintage.fr\/en\/wp-json\/wp\/v2\/types\/product"}],"wp:featuredmedia":[{"embeddable":true,"href":"https:\/\/thebestvintage.fr\/en\/wp-json\/wp\/v2\/media\/11337"}],"wp:attachment":[{"href":"https:\/\/thebestvintage.fr\/en\/wp-json\/wp\/v2\/media?parent=25180"}],"wp:term":[{"taxonomy":"product_brand","embeddable":true,"href":"https:\/\/thebestvintage.fr\/en\/wp-json\/wp\/v2\/product_brand?post=25180"},{"taxonomy":"product_cat","embeddable":true,"href":"https:\/\/thebestvintage.fr\/en\/wp-json\/wp\/v2\/product_cat?post=25180"},{"taxonomy":"product_tag","embeddable":true,"href":"https:\/\/thebestvintage.fr\/en\/wp-json\/wp\/v2\/product_tag?post=25180"}],"curies":[{"name":"wp","href":"https:\/\/api.w.org\/{rel}","templated":true}]}}